{"id":956,"date":"2021-02-19T08:02:54","date_gmt":"2021-02-19T06:02:54","guid":{"rendered":"http:\/\/faig.cat\/satellite\/?page_id=956"},"modified":"2025-08-29T13:51:29","modified_gmt":"2025-08-29T11:51:29","slug":"volta-als-volcans-dolot","status":"publish","type":"page","link":"https:\/\/ceolot.cat\/voltavolcans\/","title":{"rendered":"Volta als Volcans d&#8217;Olot"},"content":{"rendered":"\n<div style=\"height:32px\" aria-hidden=\"true\" class=\"wp-block-spacer\"><\/div>\n\n\n<div class=\"gb-grid-wrapper gb-grid-wrapper-8e7ff7fd\">\n<div class=\"gb-grid-column gb-grid-column-ee899be3\"><div class=\"gb-container gb-container-ee899be3\"><div class=\"gb-inside-container\">\n\n<figure class=\"wp-block-image size-full\"><img loading=\"lazy\" decoding=\"async\" width=\"1080\" height=\"1217\" src=\"https:\/\/ceolot.cat\/voltavolcans\/wp-content\/uploads\/sites\/6\/2025\/08\/Instagram-post-Volta-Volcans-1.png\" alt=\"\" class=\"wp-image-1215\" srcset=\"https:\/\/ceolot.cat\/voltavolcans\/wp-content\/uploads\/sites\/6\/2025\/08\/Instagram-post-Volta-Volcans-1.png 1080w, https:\/\/ceolot.cat\/voltavolcans\/wp-content\/uploads\/sites\/6\/2025\/08\/Instagram-post-Volta-Volcans-1-266x300.png 266w, https:\/\/ceolot.cat\/voltavolcans\/wp-content\/uploads\/sites\/6\/2025\/08\/Instagram-post-Volta-Volcans-1-768x865.png 768w\" sizes=\"auto, (max-width: 1080px) 100vw, 1080px\" \/><\/figure>\n\n<\/div><\/div><\/div>\n\n<div class=\"gb-grid-column gb-grid-column-e0c53281\"><div class=\"gb-container gb-container-e0c53281\"><div class=\"gb-inside-container\">\n\n<h3 class=\"gb-headline gb-headline-8a93fd9c gb-headline-text\">4 volcans del municipi.<br><br>13 km de recorregut.<br><br>500 m de desnivell positiu.<br><br>Volc\u00e0 de les Bisaroques,<br>Volc\u00e0 de la Garrinada,<br>Volc\u00e0 del Montsacopa,<br>Volc\u00e0 de Montolivet.<\/h3>\n\n\n\n<p><br><\/p>\n\n\n\n<p class=\"has-karla-font-family has-custom-font\" style=\"font-family:Karla\"><strong>De 8:00 a 8:45 h. <br><\/strong>Recollida dels dorsals al Pavell\u00f3 Firal d&#8217;Olot. <a href=\"https:\/\/goo.gl\/maps\/T77UswevoRwzAxWR9\">Ubicaci\u00f3 clicant aqu\u00ed.<\/a><\/p>\n\n\n\n<p><strong>A les 9 h.<br><\/strong>Inici de la cursa. <\/p>\n\n\n\n<p><strong>A 1\/4 de 10 h.<br><\/strong>Inici de la cursa per mainada: de 8 a 14 anys. La dist\u00e0ncia total ser\u00e0 de 2.850km<\/p>\n\n\n\n<p class=\"has-karla-font-family has-custom-font\" style=\"font-family:Karla\"><strong>A les 11h. <\/strong><strong><br><\/strong>Entrega de premis al primer mascul\u00ed, primer femen\u00ed i primer infantil. <\/p>\n\n\n\n<p><strong>A les 12h. <\/strong><br>Final de la cursa. <\/p>\n\n\n\n<p class=\"has-karla-font-family has-custom-font\" style=\"font-family:Karla\"><strong>Altres informacions:<\/strong><\/p>\n\n\n\n<ul style=\"font-family:Karla\" class=\"wp-block-list has-karla-font-family has-custom-font\">\n<li>Servei de wc<\/li>\n\n\n\n<li>Hi haur\u00e0 avituallament s\u00f2lid, l\u00edquid i samarreta<\/li>\n<\/ul>\n\n<\/div><\/div><\/div>\n<\/div>\n\n\n<div class=\"wp-block-buttons is-content-justification-center is-layout-flex wp-container-core-buttons-is-layout-16018d1d wp-block-buttons-is-layout-flex\">\n<div class=\"wp-block-button\"><a class=\"wp-block-button__link has-large-font-size has-text-align-center has-custom-font-size wp-element-button\" href=\"https:\/\/www.cronotime.net\/new\/ca\/inscripcio\/volta-els-volcans-olot-2025?c=456\" style=\"border-radius:51px\">INSCRIPCIONS OBERTES!<\/a><\/div>\n<\/div>\n\n\n\n<div class=\"wp-block-buttons is-content-justification-center is-layout-flex wp-container-core-buttons-is-layout-16018d1d wp-block-buttons-is-layout-flex\">\n<div class=\"wp-block-button has-custom-width wp-block-button__width-25\"><a class=\"wp-block-button__link has-large-font-size has-custom-font-size wp-element-button\" href=\"https:\/\/www.cronotime.net\/new\/ca?c=457\" style=\"border-radius:100px\">INSCRIPCIONS PER MAINADA<\/a><\/div>\n<\/div>\n\n\n\n<p><\/p>\n","protected":false},"excerpt":{"rendered":"","protected":false},"author":2,"featured_media":0,"parent":0,"menu_order":0,"comment_status":"closed","ping_status":"closed","template":"","meta":{"_acf_changed":false,"_coblocks_attr":"Karla,Karla","_coblocks_dimensions":"","_coblocks_responsive_height":"","_coblocks_accordion_ie_support":"","footnotes":""},"class_list":["post-956","page","type-page","status-publish"],"acf":[],"_links":{"self":[{"href":"https:\/\/ceolot.cat\/voltavolcans\/wp-json\/wp\/v2\/pages\/956","targetHints":{"allow":["GET"]}}],"collection":[{"href":"https:\/\/ceolot.cat\/voltavolcans\/wp-json\/wp\/v2\/pages"}],"about":[{"href":"https:\/\/ceolot.cat\/voltavolcans\/wp-json\/wp\/v2\/types\/page"}],"author":[{"embeddable":true,"href":"https:\/\/ceolot.cat\/voltavolcans\/wp-json\/wp\/v2\/users\/2"}],"replies":[{"embeddable":true,"href":"https:\/\/ceolot.cat\/voltavolcans\/wp-json\/wp\/v2\/comments?post=956"}],"version-history":[{"count":89,"href":"https:\/\/ceolot.cat\/voltavolcans\/wp-json\/wp\/v2\/pages\/956\/revisions"}],"predecessor-version":[{"id":1226,"href":"https:\/\/ceolot.cat\/voltavolcans\/wp-json\/wp\/v2\/pages\/956\/revisions\/1226"}],"wp:attachment":[{"href":"https:\/\/ceolot.cat\/voltavolcans\/wp-json\/wp\/v2\/media?parent=956"}],"curies":[{"name":"wp","href":"https:\/\/api.w.org\/{rel}","templated":true}]}}