{"id":8659,"date":"2021-09-27T16:12:10","date_gmt":"2021-09-27T14:12:10","guid":{"rendered":"https:\/\/ceolot.cat\/mainada\/?page_id=8659"},"modified":"2021-09-27T16:12:11","modified_gmt":"2021-09-27T14:12:11","slug":"condicions-dus-de-les-dades-personals","status":"publish","type":"page","link":"https:\/\/ceolot.cat\/mainada\/condicions-dus-de-les-dades-personals\/","title":{"rendered":"Condicions d&#8217;\u00fas de les dades personals"},"content":{"rendered":"\n<p><strong>AUTORITZACI\u00d3 PER A LA RECOLLIDA DE DADES DE PARTICIPANTS EN CURSES I EXCURSIONS.<\/strong><\/p>\n\n\n\n<p>De conformitat amb l&#8217;establert en la normativa vigent de Protecci\u00f3 de Dades de Car\u00e0cter Personal, li informem que les seves dades recollides a partir del present formulari seran tractades per:<\/p>\n\n\n\n<p>EL CENTRE EXCURSIONISTA D&#8217;OLOT<\/p>\n\n\n\n<p>G17132747<\/p>\n\n\n\n<p>Passeig d&#8217;en Blay, 5&nbsp; OLOT 17800<\/p>\n\n\n\n<p>Que vost\u00e8 pot contactar amb el Responsable de Privadesa dirigint-se per escrit al mail ceo@ceolot.cat o trucant al tel\u00e8fon 972260675<\/p>\n\n\n\n<p>Al Centre Excursionista d&#8217;Olot tractem la informaci\u00f3 que ens facilita amb la finalitat de poder organitzar l&#8217;excursi\u00f3 o competici\u00f3 que s&#8217;escaigui i poder publicar la llista d&#8217;inscrits, aix\u00ed com els resultats esportius si aquest \u00e9s el cas. Aix\u00ed doncs, l&#8217;informem que el Centre Excursionista d&#8217;Olot, si ho creu convenient, podr\u00e0 publicar els resultats de la cursa en la seva web o en la seva pr\u00f2pia revista aix\u00ed com comunicar-los als mitjans de comunicaci\u00f3 i a la FEEC si aquest \u00e9s el cas. Aix\u00ed mateix l&#8217;informem que les seves dades no es cediran a cap altre tercer, excepte que hi hagi una obligaci\u00f3 legal i a totes aquelles entitats amb les quals sigui necess\u00e0ria la comunicaci\u00f3 amb la finalitat de complir amb la prestaci\u00f3 dels serveis anteriorment esmentats.<\/p>\n\n\n\n<p>Les dades proporcionades es conservaran durant el temps necessari per complir amb les obligacions legals.<\/p>\n\n\n\n<p>El Centre Excursionista d&#8217;Olot li informa que procedir\u00e0 a tractar les dades de manera l\u00edcita, lleial, transparent, adequada, pertinent, limitada, exacta i actualitzada. \u00c9s per aix\u00f2 que el Centre Excursionista d&#8217;Olot es compromet a adoptar totes les mesures raonables perqu\u00e8 aquestes se suprimeixin o rectifiquin sense dilaci\u00f3 quan siguin inexactes. Mentre no es comuniqui el contrari, entendrem que les seves dades no han estat modificades i que es compromet a notificar-nos qualsevol variaci\u00f3.<\/p>\n\n\n\n<p>D&#8217;acord amb els drets que li confereix la normativa vigent en Protecci\u00f3 de Dades de Car\u00e0cter Personal podr\u00e0 exercir els drets d&#8217;acc\u00e9s, rectificaci\u00f3, limitaci\u00f3 de tractament, supressi\u00f3, portabilitat i oposici\u00f3, dirigint la seva petici\u00f3 a l&#8217;adre\u00e7a postal indicada m\u00e9s amunt o b\u00e9 a trav\u00e9s de correu electr\u00f2nic ceo@ceolot.cat . En aquest sentit, en tot moment disposar\u00e0 del dret a revocar el consentiment prestat mitjan\u00e7ant la present cl\u00e0usula.<\/p>\n\n\n\n<p>Li informem que podr\u00e0 dirigir-se a l&#8217;Autoritat de Control competent per presentar la reclamaci\u00f3 que consideri oportuna.<\/p>\n\n\n\n<p>D&#8217;altra banda, en virtut del que estableix la Llei 1\/1982, de 5 de maig, sobre el dret a l&#8217;honor, a la intimitat personal i familiar i a la pr\u00f2pia imatge, i el Reglament UE 2016\/679, de 27 d&#8217;abril, sol\u00b7licitem el seu consentiment per poder publicar les seves imatges -obtingudes durant la seva participaci\u00f3 en les activitats excursionistes o esportives i que corresponen a la present inscripci\u00f3- a la p\u00e0gina web, xarxa social, revista o qualsevol altra mitj\u00e0 electr\u00f2nic o de premsa del Centre Excursionista d&#8217;Olot, sense que tals captacions tinguin finalitats publicit\u00e0ries, comercials o de naturalesa an\u00e0loga. L&#8217;esmentat consentiment expl\u00edcit podr\u00e0 ser revocat en qualsevol moment per l&#8217;interessat.<\/p>\n\n\n\n<p>A partir de l&#8217;acceptaci\u00f3 del present formulari vost\u00e8 autoritza expressament el tractament de les seves dades de car\u00e0cter personal aix\u00ed com la publicaci\u00f3 de les seves pr\u00f2pies imatges a trav\u00e9s de qualsevol mitj\u00e0, per la finalitat especificada, per part del Centre Excursionista d&#8217;Olot.<\/p>\n","protected":false},"excerpt":{"rendered":"<p>AUTORITZACI\u00d3 PER A LA RECOLLIDA DE DADES DE PARTICIPANTS EN CURSES I EXCURSIONS. De conformitat amb l&#8217;establert en la normativa &#8230; <a title=\"Condicions d&#8217;\u00fas de les dades personals\" class=\"read-more\" href=\"https:\/\/ceolot.cat\/mainada\/condicions-dus-de-les-dades-personals\/\" aria-label=\"M\u00e9s informaci\u00f3 sobre Condicions d&#8217;\u00fas de les dades personals\">Continua<\/a><\/p>\n","protected":false},"author":2,"featured_media":0,"parent":0,"menu_order":0,"comment_status":"closed","ping_status":"closed","template":"","meta":{"_acf_changed":false,"_coblocks_attr":"","_coblocks_dimensions":"","_coblocks_responsive_height":"","_coblocks_accordion_ie_support":"","footnotes":""},"class_list":["post-8659","page","type-page","status-publish"],"acf":[],"_links":{"self":[{"href":"https:\/\/ceolot.cat\/mainada\/wp-json\/wp\/v2\/pages\/8659","targetHints":{"allow":["GET"]}}],"collection":[{"href":"https:\/\/ceolot.cat\/mainada\/wp-json\/wp\/v2\/pages"}],"about":[{"href":"https:\/\/ceolot.cat\/mainada\/wp-json\/wp\/v2\/types\/page"}],"author":[{"embeddable":true,"href":"https:\/\/ceolot.cat\/mainada\/wp-json\/wp\/v2\/users\/2"}],"replies":[{"embeddable":true,"href":"https:\/\/ceolot.cat\/mainada\/wp-json\/wp\/v2\/comments?post=8659"}],"version-history":[{"count":1,"href":"https:\/\/ceolot.cat\/mainada\/wp-json\/wp\/v2\/pages\/8659\/revisions"}],"predecessor-version":[{"id":8660,"href":"https:\/\/ceolot.cat\/mainada\/wp-json\/wp\/v2\/pages\/8659\/revisions\/8660"}],"wp:attachment":[{"href":"https:\/\/ceolot.cat\/mainada\/wp-json\/wp\/v2\/media?parent=8659"}],"curies":[{"name":"wp","href":"https:\/\/api.w.org\/{rel}","templated":true}]}}