{"id":309,"date":"2020-05-13T22:48:21","date_gmt":"2020-05-13T20:48:21","guid":{"rendered":"http:\/\/faig.cat\/mainada\/?page_id=309"},"modified":"2021-08-23T17:43:47","modified_gmt":"2021-08-23T15:43:47","slug":"politica-de-cookies","status":"publish","type":"page","link":"https:\/\/ceolot.cat\/mainada\/politica-de-cookies\/","title":{"rendered":"Pol\u00edtica de cookies"},"content":{"rendered":"\n<p>Una Cookie \u00e9s un fitxer que es descarrega en el seu ordinador en accedir a determinades p\u00e0gines web. Les cookies permeten a una p\u00e0gina web, entre altres coses, emmagatzemar i recuperar informaci\u00f3 sobre els h\u00e0bits de navegaci\u00f3 d&#8217;un usuari o del seu equip i, depenent de la informaci\u00f3 que contingui i de la forma en qu\u00e8 utilitzi el seu equip, poden utilitzar-se per recon\u00e8ixer a l&#8217;usuari.<\/p>\n\n\n\n<p>Les cookies s\u00f3n essencials per al funcionament d&#8217;internet, aportant innombrables avantatges en la prestaci\u00f3 de serveis interactius, facilitant-li la navegaci\u00f3 i usabilitat de la nostra web.<\/p>\n\n\n\n<p><strong>TIPUS DE COOKIES<\/strong><\/p>\n\n\n\n<p>A continuaci\u00f3, es realitza una classificaci\u00f3 de les cookies en funci\u00f3 d&#8217;una s\u00e8rie de categories. No obstant aix\u00f2 \u00e9s necessari tenir en compte que una mateixa cookies pot estar inclosa en m\u00e9s d&#8217;una categoria.<\/p>\n\n\n\n<ol class=\"wp-block-list\" type=\"1\"><li><strong>Tipus de cookies segons l\u2019entitat que les gestioni<\/strong><\/li><\/ol>\n\n\n\n<p>Segons qui sigui l&#8217;entitat que gestioni l&#8217;equip o domini des d&#8217;on s&#8217;envien les cookies i tracti les dades que s&#8217;obtinguin es poden distingir dos tipus:<\/p>\n\n\n\n<ul class=\"wp-block-list\"><li>Cookies pr\u00f2pies.- S\u00f3n aquelles que s&#8217;envien a l&#8217;equip terminal de l&#8217;usuari des d&#8217;un equip o domini gestionat pel mateix editor i des del qual es presta el servei sol\u00b7licitat per l&#8217;usuari.<\/li><li>Cookies de tercer.- S\u00f3n aquelles que s&#8217;envien a l&#8217;equip terminal de l&#8217;usuari des d&#8217;un equip o domini que no \u00e9s gestionat per l&#8217;editor, sin\u00f3 per una altra entitat que tracta les dades obtingudes a trav\u00e9s de les cookies.<\/li><\/ul>\n\n\n\n<p>En el cas que les cookies siguin instal\u00b7lades des d&#8217;un equip o domini gestionat pel propi editor per\u00f2 la informaci\u00f3 que es reculli mitjan\u00e7ant aquestes sigui gestionada per un tercer, no poden ser considerades com cookies pr\u00f2pies.<\/p>\n\n\n\n<ul class=\"wp-block-list\"><li><strong>Tipus de cookies segons el termini que romanen activades<\/strong><\/li><li>Cookies de sessi\u00f3.- S\u00f3n un tipus de cookies dissenyades per recaptar i emmagatzemar dades mentre l&#8217;usuari accedeix a una p\u00e0gina web.<\/li><li>Cookies persistents.- S\u00f3n un tipus de cookies en el qual les dades segueixen emmagatzemats en el terminal i poden ser accedits i tractats durant un per\u00edode definit pel responsable de la cookie, i que pot anar d&#8217;uns minuts a diversos anys.<\/li><li><strong>Tipus de cookies segons la seva finalitat<\/strong><\/li><li>Cookies t\u00e8cniques.- S\u00f3n aquelles que permeten a l&#8217;usuari la navegaci\u00f3 a trav\u00e9s d&#8217;una p\u00e0gina web, plataforma o aplicaci\u00f3 i la utilitzaci\u00f3 de les diferents opcions o serveis que en ella existeixin.<\/li><li>Cookies de personalitzaci\u00f3.- S\u00f3n aquelles que permeten a l&#8217;usuari accedir al servei amb algunes caracter\u00edstiques de car\u00e0cter general predefinides en funci\u00f3 d&#8217;una s\u00e8rie de criteris en el terminal de l&#8217;usuari.<\/li><li>Cookies d&#8217;an\u00e0lisi.- S\u00f3n aquelles que permeten al responsable d\u2019aquestes, el seguiment i an\u00e0lisi del comportament dels usuaris dels llocs web als quals estan vinculades.<\/li><li>Cookies publicit\u00e0ries.- S\u00f3n aquelles que permeten la gesti\u00f3, de la forma m\u00e9s efica\u00e7 possible, dels espais publicitaris que, si escau, l&#8217;editor hagi incl\u00f2s en una p\u00e0gina web, aplicaci\u00f3 o plataforma des de la qual presta el servei sol\u00b7licitat sobre la base de criteris com el contingut editat o la freq\u00fc\u00e8ncia en la qual es mostren els anuncis.<\/li><li>Cookies de publicitat comportamental.- S\u00f3n aquelles que permeten la gesti\u00f3, de la forma m\u00e9s efica\u00e7 possible, dels espais publicitaris que, si escau, l&#8217;editor hagi incl\u00f2s en una p\u00e0gina web, aplicaci\u00f3 o plataforma des de la qual presta el servei sol\u00b7licitat. Aquestes cookies emmagatzemen informaci\u00f3 del comportament dels usuaris obtinguda a trav\u00e9s de l&#8217;observaci\u00f3 continuada dels seus h\u00e0bits de navegaci\u00f3, la qual cosa permet desenvolupar un perfil espec\u00edfic per mostrar publicitat en funci\u00f3 d\u2019aquesta.<\/li><\/ul>\n\n\n\n<p>Segons el que es disposa en l&#8217;article 22.2 de la Llei 34\/2002, d&#8217;11 de juliol, de Serveis de la Societat de la Informaci\u00f3 i de Comer\u00e7 Electr\u00f2nic (LSSI-CE), CENTRE EXCURSIONISTA D\u2019OLOT informa de les cookies utilitzades en nostra website:<\/p>\n\n\n\n<ul class=\"wp-block-list\"><li>Google Analytics, un servei d&#8217;anal\u00edtica web desenvolupada per Google, que permet el mesurament i an\u00e0lisi de la navegaci\u00f3 a les p\u00e0gines web. Segons la tipologia anterior es tracta de cookies de tercers, persistents i d&#8217;an\u00e0lisi.<\/li><li>Gravatar, \u00e9s un servei desenvolupat per gravatar.com que possibilita que quan l\u2019usuari publica un comentari, el software revisa si l\u2019autor d\u2019aquest comentari es troba associat a un compte de Gravatar. Si \u00e9s aix\u00ed, el Gravatar (imatge del perfil de l\u2019usuari) es mostra junt amb el comentari. Gravatar recopila dades de navegaci\u00f3 de manera an\u00f2nima. Segons la tipologia anterior es tracta de cookies de tercers, persistents i de personalitzaci\u00f3.<\/li><li>Twiter Button, cookie imprescindible pel correcte funcionament d\u2019un portal web, sobretot si genera contingut. Permet compartir contingut amb Twitter. La cookie emmagatzemada de dades de sessi\u00f3 de l\u2019usuari. Es tracta de tercers, persistents i t\u00e8cniques.<\/li><li>Facebook Connect, aplicaci\u00f3 de Facebook que permet a un usuari navegar per Internet amb la seva pr\u00f2pia identitat d\u2019usuari. La cookie guarda l\u2019esmentada informaci\u00f3. L\u2019objectiu \u00e9s que l\u2019usuari comenti o comparteixi continguts d\u2019altre web i que tota la seva activitat es comparteixi al seu mur. Es tracta de tercers, persistents i t\u00e8cniques.<\/li><li>Twitter Syndication, \u00e9s utilitzada per Twitter per saber quants usuaris han vist un tuit incrustat a la p\u00e0gina web. Segons la tipologia anterior, es tracta d\u2019una cookie de tercers, persistent i t\u00e8cnica.<\/li><\/ul>\n\n\n\n<p><strong>COM DESHABILITAR LES COOKIES EN ELS NAVEGADORS M\u00c9S USATS<\/strong><\/p>\n\n\n\n<p>Aix\u00ed mateix, el CENTRE EXCURSIONISTA D\u2019OLOT informa l&#8217;usuari, que t\u00e9 la possibilitat de configurar el seu navegador de manera que se l\u2019informi de la recepci\u00f3 de cookies, podent, si aix\u00ed ho desitja, impedir que siguin instal\u00b7lades en el seu disc dur.<\/p>\n\n\n\n<p>A continuaci\u00f3 li proporcionem els enlla\u00e7os de diversos navegadors, a trav\u00e9s dels quals podr\u00e0 realitzar aquesta configuraci\u00f3:<\/p>\n\n\n\n<p><strong><em>Firefox:<\/em><\/strong><em> <\/em><a href=\"https:\/\/support.mozilla.org\/es\/kb\/cookies-informacion-que-los-sitios-web-guardan-en-?redirectlocale=en-US&amp;redirectslug=Cookies#w_configurar-las-cookies\">https:\/\/support.mozilla.org\/es\/kb\/cookies-informacion-que-los-sitios-web-guardan-en-?redirectlocale=en-US&amp;redirectslug=Cookies#w_configurar-las-cookies<\/a> <em><\/em><\/p>\n\n\n\n<p><strong><em>Chrome:<\/em><\/strong> <a href=\"http:\/\/support.google.com\/chrome\/bin\/answer.py?hl=es&amp;answer=95647\">http:\/\/support.google.com\/chrome\/bin\/answer.py?hl=es&amp;answer=95647<\/a><em><\/em><\/p>\n\n\n\n<p><strong><em>Explorer versions 7 i 8: <\/em><\/strong><a href=\"http:\/\/windows.microsoft.com\/es-ES\/windows-vista\/Block-or-allow-cookies\">http:\/\/windows.microsoft.com\/es-ES\/windows-vista\/Block-or-allow-cookies<\/a><\/p>\n\n\n\n<p><strong><em>Explorer versi\u00f3 9:<\/em><\/strong> <a href=\"http:\/\/windows.microsoft.com\/es-es\/windows7\/how-to-manage-cookies-in-internet-explorer-9\" target=\"_blank\" rel=\"noreferrer noopener\">http:\/\/windows.microsoft.com\/es-es\/windows7\/how-to-manage-cookies-in-internet-explorer-9<\/a><\/p>\n\n\n\n<p><strong><em>Safari 5.1 (OS X Lion):<\/em><\/strong><em> <\/em><a href=\"http:\/\/support.apple.com\/kb\/PH5042?viewlocale=es_ES\">http:\/\/support.apple.com\/kb\/PH5042?viewlocale=es_ES<\/a><em><\/em><\/p>\n\n\n\n<p><strong><em>Safari (IOS):<\/em><\/strong><strong> <\/strong><a href=\"http:\/\/support.apple.com\/kb\/HT1677?viewlocale=es_ES\">http:\/\/support.apple.com\/kb\/HT1677?viewlocale=es_ES<\/a><\/p>\n\n\n\n<p><strong><em>Opera:<\/em><\/strong>&nbsp;<a href=\"http:\/\/help.opera.com\/Windows\/11.50\/es-ES\/cookies.html\" target=\"_blank\" rel=\"noreferrer noopener\">http:\/\/help.opera.com\/Windows\/11.50\/es-ES\/cookies.html<\/a><\/p>\n\n\n\n<p><strong><em>Android:<\/em><\/strong>&nbsp;&nbsp;&nbsp; <a href=\"https:\/\/support.google.com\/android\/?hl=es\">https:\/\/support.google.com\/android\/?hl=es<\/a><\/p>\n\n\n\n<p><strong><em>Windows Phone:<\/em><\/strong><em> <\/em>&nbsp;&nbsp;&nbsp;&nbsp;<a href=\"http:\/\/www.windowsphone.com\/es-ES\/how-to\/wp7\/web\/changing-privacy-and-other-browser-settings\">http:\/\/www.windowsphone.com\/es-ES\/how-to\/wp7\/web\/changing-privacy-and-other-browser-settings<\/a><\/p>\n\n\n\n<p><strong><em>Blackberry:<\/em><\/strong><em> <\/em><a href=\"http:\/\/docs.blackberry.com\/en\/smartphone_users\/deliverables\/18578\/Turn_off_cookies_in_the_browser_60_1072866_11.jsp\">http:\/\/docs.blackberry.com\/en\/smartphone_users\/deliverables\/18578\/Turn_off_cookies_in_the_browser_60_1072866_11.jsp<\/a><\/p>\n","protected":false},"excerpt":{"rendered":"<p>Una Cookie \u00e9s un fitxer que es descarrega en el seu ordinador en accedir a determinades p\u00e0gines web. Les cookies &#8230; <a title=\"Pol\u00edtica de cookies\" class=\"read-more\" href=\"https:\/\/ceolot.cat\/mainada\/politica-de-cookies\/\" aria-label=\"M\u00e9s informaci\u00f3 sobre Pol\u00edtica de cookies\">Continua<\/a><\/p>\n","protected":false},"author":2,"featured_media":0,"parent":0,"menu_order":0,"comment_status":"closed","ping_status":"closed","template":"","meta":{"_acf_changed":false,"_coblocks_attr":"","_coblocks_dimensions":"","_coblocks_responsive_height":"","_coblocks_accordion_ie_support":"","footnotes":""},"class_list":["post-309","page","type-page","status-publish"],"acf":[],"_links":{"self":[{"href":"https:\/\/ceolot.cat\/mainada\/wp-json\/wp\/v2\/pages\/309","targetHints":{"allow":["GET"]}}],"collection":[{"href":"https:\/\/ceolot.cat\/mainada\/wp-json\/wp\/v2\/pages"}],"about":[{"href":"https:\/\/ceolot.cat\/mainada\/wp-json\/wp\/v2\/types\/page"}],"author":[{"embeddable":true,"href":"https:\/\/ceolot.cat\/mainada\/wp-json\/wp\/v2\/users\/2"}],"replies":[{"embeddable":true,"href":"https:\/\/ceolot.cat\/mainada\/wp-json\/wp\/v2\/comments?post=309"}],"version-history":[{"count":1,"href":"https:\/\/ceolot.cat\/mainada\/wp-json\/wp\/v2\/pages\/309\/revisions"}],"predecessor-version":[{"id":310,"href":"https:\/\/ceolot.cat\/mainada\/wp-json\/wp\/v2\/pages\/309\/revisions\/310"}],"wp:attachment":[{"href":"https:\/\/ceolot.cat\/mainada\/wp-json\/wp\/v2\/media?parent=309"}],"curies":[{"name":"wp","href":"https:\/\/api.w.org\/{rel}","templated":true}]}}