{"id":307,"date":"2020-05-13T22:44:22","date_gmt":"2020-05-13T20:44:22","guid":{"rendered":"http:\/\/faig.cat\/mainada\/?page_id=307"},"modified":"2021-08-23T17:31:50","modified_gmt":"2021-08-23T15:31:50","slug":"avis-legal","status":"publish","type":"page","link":"https:\/\/ceolot.cat\/mainada\/avis-legal\/","title":{"rendered":"Av\u00eds legal"},"content":{"rendered":"\n<p><strong>INFORMACI\u00d3 GENERAL<\/strong><\/p>\n\n\n\n<p>En compliment de l&#8217;Article 10 de la Llei 34\/2002, d&#8217;11 de juliol, de Serveis de la Societat de la Informaci\u00f3 i de Comer\u00e7 Electr\u00f2nic (LSSI-CE), s&#8217;informa que el titular del lloc web <a href=\"http:\/\/www.ceolot.cat\/\">http:\/\/www.ceolot.cat\/<\/a> \u00e9s:<\/p>\n\n\n\n<p>CENTRE EXCURSIONISTA D\u2019OLOT, amb CIF G-17132747 i domicili social al PASSEIG D\u2019EN BLAI, 5&nbsp; (17800)&nbsp; OLOT, inscrita al Registre de Clubs, Associacions i Entitats Esportives de la Direcci\u00f3 General de l\u2019Esport de la Generalitat de Catalunya amb el n\u00famero 3565. L&#8217;adre\u00e7a de correu electr\u00f2nic de contacte amb l&#8217;entitat \u00e9s: <a href=\"mailto:ceo@ceolot.cat\">ceo@ceolot.cat<\/a>.<\/p>\n\n\n\n<p><strong>OBJECTE<\/strong><\/p>\n\n\n\n<p>La present p\u00e0gina web <a href=\"http:\/\/www.ceolot.cat\/\">http:\/\/www.ceolot.cat\/<\/a>, propietat del CENTRE EXCURSIONISTA D\u2019OLOT ha estat creada i dissenyada per donar a con\u00e8ixer i permetre l&#8217;acc\u00e9s general de tots els usuaris d&#8217;internet, a la informaci\u00f3, activitats, productes i serveis oferts per aquesta entitat.<\/p>\n\n\n\n<p>El present av\u00eds legal t\u00e9 com a objecte establir les Condicions Generals que regulin l&#8217;acc\u00e9s i \u00fas general de la citada p\u00e0gina web per part de tots els usuaris, de manera que l&#8217;acc\u00e9s i \u00fas d&#8217;aquesta implica necess\u00e0riament, la submissi\u00f3 i acceptaci\u00f3 de les Condicions Generals citades incloses en aquest Av\u00eds Legal.<\/p>\n\n\n\n<p><strong>USUARI<\/strong><\/p>\n\n\n\n<p>La utilitzaci\u00f3 d&#8217;aquesta p\u00e0gina Web li atribueix la condici\u00f3 d&#8217;usuari de la mateixa.<\/p>\n\n\n\n<p>Es recomana a l&#8217;usuari que llegeixi atentament i detingudament les condicions i instruccions publicades cada vegada que accedeixi a aquesta p\u00e0gina web, at\u00e8s que l&#8217;acc\u00e9s implica la seva lectura i acceptaci\u00f3. Mitjan\u00e7ant l&#8217;acc\u00e9s i \u00fas a <a href=\"http:\/\/www.ceolot.cat\/\">http:\/\/www.ceolot.cat\/<\/a> o qualsevol de les seves p\u00e0gines i subdominis, l&#8217;usuari manifesta el seu acord de forma expressa, plena i sense reserves a les condicions i instruccions publicades en l&#8217;av\u00eds legal en el moment de l&#8217;acc\u00e9s sense perjudici de l&#8217;aplicaci\u00f3 de la corresponent normativa d&#8217;obligat compliment legal segons el cas.<\/p>\n\n\n\n<p>Qualsevol utilitzaci\u00f3 diferent de l&#8217;autoritzada est\u00e0 expressament prohibida, quedant el CENTRE EXCURSIONISTA D\u2019OLOT facultada per denegar o retirar l&#8217;acc\u00e9s i \u00fas de la Web, a qualsevol moment, i sense previ av\u00eds, a aquells usuaris que incompleixin aquestes condicions generals.<\/p>\n\n\n\n<p>L&#8217;usuari assumeix la seva responsabilitat en l&#8217;\u00fas correcte del lloc web.<\/p>\n\n\n\n<p>Aquesta responsabilitat s&#8217;estendr\u00e0 a:<\/p>\n\n\n\n<ul class=\"wp-block-list\"><li>La veracitat i licitud de les informacions aportades per l&#8217;usuari en els formularis estesos pel CENTRE EXCURSIONISTA D\u2019OLOT per a l&#8217;acc\u00e9s a certs continguts o serveis oferts pel web.<\/li><li>L&#8217;\u00fas de la informaci\u00f3, serveis i dades ofertes pel CENTRE EXCURSIONISTA D\u2019OLOT contr\u00e0riament al que es disposa per les presents condicions, la Llei, la moral, els bons costums o l&#8217;ordre p\u00fablic, o que de qualsevol altra manera puguin suposar lesi\u00f3 dels drets de tercers o del mateix funcionament del lloc web.<\/li><\/ul>\n\n\n\n<p><strong>\u00daS NO AUTORITZAT<\/strong><\/p>\n\n\n\n<p>L&#8217;usuari d&#8217;aquest lloc web es compromet a no fer \u00fas del mateix per a finalitats o activitats il\u00b7legals o il\u00b7l\u00edcites; en conseq\u00fc\u00e8ncia, no podr\u00e0 variar cap dels elements incorporats a la nostra web, copiar, distribuir, transmetre, presentar, realitzar, o en general, reproduir de qualsevol manera, publicar, autoritzar o crear qualsevol treball sobre la base de la informaci\u00f3 o el contingut incorporat el nostre lloc web pel CENTRE EXCURSIONISTA D\u2019OLOT, els seus agents, directius, filials i\/o empleats.<\/p>\n\n\n\n<p><strong>POL\u00cdTICA D&#8217;ENLLA\u00c7OS I EXEMPCIONS DE RESPONSABILITAT<\/strong><\/p>\n\n\n\n<p>El CENTRE EXCURSIONISTA D\u2019OLOT no es fa responsable del contingut dels llocs web als quals l&#8217;usuari pugui accedir a trav\u00e9s dels enlla\u00e7os establerts en el seu lloc web i declara que en cap cas procedir\u00e0 a examinar o exercitar cap tipus de control sobre el contingut d&#8217;altres llocs de la xarxa. Aix\u00ed mateix, tampoc garantir\u00e0 la disponibilitat t\u00e8cnica, exactitud, veracitat, validesa o legalitat de llocs aliens a la seva propietat als quals es pugui accedir per mitj\u00e0 dels enlla\u00e7os.<\/p>\n\n\n\n<p>El CENTRE EXCURSIONISTA D\u2019OLOT declara haver adoptat totes les mesures necess\u00e0ries per evitar qualssevol que fossin els danys als usuaris del seu lloc web, que poguessin derivar-se de la navegaci\u00f3 pel seu lloc web. En conseq\u00fc\u00e8ncia, el CENTRE EXCURSIONISTA D\u2019OLOT no es fa responsable, en cap cas, dels eventuals danys que per la navegaci\u00f3 per Internet pogu\u00e9s sofrir l&#8217;usuari.<\/p>\n\n\n\n<p>MODIFICACIONS<\/p>\n\n\n\n<p>El CENTRE EXCURSIONISTA D\u2019OLOT es reserva el dret a realitzar les modificacions que consideri oportunes, sense av\u00eds previ, en el contingut del seu lloc web. Tant referent als continguts del lloc web, com en les condicions d&#8217;\u00fas d\u2019aquest, o en les condicions generals de contractaci\u00f3. Aquestes modificacions podran realitzar-se a trav\u00e9s del seu lloc web per qualsevol forma admissible en dret i seran d&#8217;obligat compliment durant el temps en qu\u00e8 es trobin publicades al web i fins que no siguin modificades v\u00e0lidament per altres de posteriors.<\/p>\n\n\n\n<p><strong>SERVEIS DE CONTRACTACI\u00d3 PER INTERNET<\/strong><\/p>\n\n\n\n<p>Certs continguts de la website del CENTRE EXCURSIONISTA D\u2019OLOT contenen la possibilitat de contractaci\u00f3 per Internet. L&#8217;\u00fas dels mateixos requerir\u00e0 la lectura i acceptaci\u00f3 obligat\u00f2ria de les condicions generals de contractaci\u00f3 establertes a aquest efecte pel CENTRE EXCURSIONISTA D\u2019OLOT.<\/p>\n\n\n\n<p><strong>PROPIETAT INTEL\u00b7LECTUAL I INDUSTRIAL<\/strong><\/p>\n\n\n\n<p>El CENTRE EXCURSIONISTA D\u2019OLOT per si mateixa o com a cession\u00e0ria, \u00e9s titular de tots els drets de propietat intel\u00b7lectual i industrial de la seva p\u00e0gina web, aix\u00ed com dels elements continguts en la mateixa (a t\u00edtol enunciatiu, imatges, so, \u00e0udio, v\u00eddeo, programari o textos; marques o logotips, combinacions de colors, estructura i disseny, selecci\u00f3 de materials usats, programes d&#8217;ordinador necessaris per al seu funcionament, acc\u00e9s i \u00fas, etc.), titularitat del CENTRE EXCURSIONISTA D\u2019OLOT. Seran, per tant, obres protegides&nbsp; com a propietat intel\u00b7lectual per l&#8217;ordenament jur\u00eddic espanyol, sent-los aplicables tant la normativa&nbsp; espanyola i comunit\u00e0ria en aquest camp, com els tractats internacionals relatius a la mat\u00e8ria i subscrits per Espanya.<\/p>\n\n\n\n<p>Tots els drets reservats. En cap cas s&#8217;entendr\u00e0 que es concedeix cap llic\u00e8ncia o s&#8217;efectua ren\u00fancia, transmissi\u00f3, cessi\u00f3 total o parcial dels esmentats drets. En virtut del que es disposa en els articles 8 i 32.1, par\u00e0graf segon, de la Llei de Propietat Intel\u00b7lectual, queden expressament prohibides la reproducci\u00f3, la distribuci\u00f3 i la comunicaci\u00f3 p\u00fablica, inclosa la seva modalitat de posada a disposici\u00f3, de la totalitat o part dels continguts d&#8217;aquesta p\u00e0gina web, amb finalitats comercials, en qualsevol suport i per qualsevol mitj\u00e0 t\u00e8cnic, sense l&#8217;autoritzaci\u00f3 del CENTRE EXCURSIONISTA D\u2019OLOT.<\/p>\n\n\n\n<p>L&#8217;usuari es compromet a respectar els drets de Propietat Intel\u00b7lectual i Industrial titularitat del CENTRE EXCURSIONISTA D\u2019OLOT. Podr\u00e0 visualitzar els elements del portal i fins i tot imprimir-los, copiar-los i emmagatzemar-los en el disc dur del seu ordinador o en qualsevol&nbsp; altre&nbsp; suport&nbsp; f\u00edsic&nbsp; sempre que&nbsp;&nbsp; sigui, \u00fanica i exclusivament, per al seu \u00fas personal i privat. Les al\u00b7ludides marques comercials s\u00f3n d&#8217;\u00fas no autoritzat, per la qual cosa no podran usar-se per cap tercer sense el consentiment expr\u00e9s per escrit i signat pels seus propietaris. Igualment l&#8217;usuari no est\u00e0 autoritzat a utilitzar, en qualsevol altre lloc web, les marques comercials del CENTRE EXCURSIONISTA D\u2019OLOT com a vincles sense el seu previ consentiment per escrit.<\/p>\n\n\n\n<p>Encara en el cas que l&#8217;usuari descarregui a la nostra web qualsevol de les aplicacions disponibles per a tal fi, aix\u00f2 no li atorgar\u00e0 cap dret sobre aquestes, at\u00e8s que el CENTRE EXCURSIONISTA D\u2019OLOT nom\u00e9s li autoritza el seu \u00fas i conserva tots els drets de les mateixes.<\/p>\n\n\n\n<p>L&#8217;usuari haur\u00e0 d&#8217;abstenir-se de suprimir, alterar, eludir o manipular qualsevol dispositiu de protecci\u00f3 o sistema de seguretat que estigu\u00e9s instal\u00b7lat a les p\u00e0gines del CENTRE EXCURSIONISTA D\u2019OLOT.<\/p>\n\n\n\n<p><strong>ACCIONS LEGALS, LEGISLACI\u00d3 APLICABLE I JURISDICCI\u00d3<\/strong><\/p>\n\n\n\n<p>El CENTRE EXCURSIONISTA D\u2019OLOT es reserva, aix\u00ed mateix, la facultat de presentar les accions civils o penals que consideri oportunes per la utilitzaci\u00f3 indeguda del seu lloc web i continguts, o per l&#8217;incompliment de les presents condicions.<\/p>\n\n\n\n<p>La relaci\u00f3 entre l&#8217;usuari i el prestador es regir\u00e0 per la normativa vigent i d&#8217;aplicaci\u00f3 al territori espanyol. De sorgir qualsevol controv\u00e8rsia es sotmetr\u00e0 als Jutjats i Tribunals de la ciutat de Girona, Espanya.<\/p>\n","protected":false},"excerpt":{"rendered":"<p>INFORMACI\u00d3 GENERAL En compliment de l&#8217;Article 10 de la Llei 34\/2002, d&#8217;11 de juliol, de Serveis de la Societat de &#8230; <a title=\"Av\u00eds legal\" class=\"read-more\" href=\"https:\/\/ceolot.cat\/mainada\/avis-legal\/\" aria-label=\"M\u00e9s informaci\u00f3 sobre Av\u00eds legal\">Continua<\/a><\/p>\n","protected":false},"author":2,"featured_media":0,"parent":0,"menu_order":0,"comment_status":"closed","ping_status":"closed","template":"","meta":{"_acf_changed":false,"_coblocks_attr":"","_coblocks_dimensions":"","_coblocks_responsive_height":"","_coblocks_accordion_ie_support":"","footnotes":""},"class_list":["post-307","page","type-page","status-publish"],"acf":[],"_links":{"self":[{"href":"https:\/\/ceolot.cat\/mainada\/wp-json\/wp\/v2\/pages\/307","targetHints":{"allow":["GET"]}}],"collection":[{"href":"https:\/\/ceolot.cat\/mainada\/wp-json\/wp\/v2\/pages"}],"about":[{"href":"https:\/\/ceolot.cat\/mainada\/wp-json\/wp\/v2\/types\/page"}],"author":[{"embeddable":true,"href":"https:\/\/ceolot.cat\/mainada\/wp-json\/wp\/v2\/users\/2"}],"replies":[{"embeddable":true,"href":"https:\/\/ceolot.cat\/mainada\/wp-json\/wp\/v2\/comments?post=307"}],"version-history":[{"count":2,"href":"https:\/\/ceolot.cat\/mainada\/wp-json\/wp\/v2\/pages\/307\/revisions"}],"predecessor-version":[{"id":311,"href":"https:\/\/ceolot.cat\/mainada\/wp-json\/wp\/v2\/pages\/307\/revisions\/311"}],"wp:attachment":[{"href":"https:\/\/ceolot.cat\/mainada\/wp-json\/wp\/v2\/media?parent=307"}],"curies":[{"name":"wp","href":"https:\/\/api.w.org\/{rel}","templated":true}]}}