{"id":1502,"date":"2021-07-12T11:13:10","date_gmt":"2021-07-12T09:13:10","guid":{"rendered":"https:\/\/faig.cat\/mainada\/?page_id=1502"},"modified":"2026-03-01T18:17:21","modified_gmt":"2026-03-01T17:17:21","slug":"joves","status":"publish","type":"page","link":"https:\/\/ceolot.cat\/mainada\/joves\/","title":{"rendered":"JOVES"},"content":{"rendered":"<div class=\"gb-grid-wrapper gb-grid-wrapper-097271b7\">\n<div class=\"gb-grid-column gb-grid-column-5b8c9722\"><div class=\"gb-container gb-container-5b8c9722\"><div class=\"gb-inside-container\">\n\n<figure class=\"wp-block-image size-large\"><img loading=\"lazy\" decoding=\"async\" width=\"2100\" height=\"1400\" src=\"https:\/\/ceolot.cat\/mainada\/wp-content\/uploads\/sites\/5\/2024\/10\/1000043796-2100x1400.jpg\" alt=\"\" class=\"wp-image-13753\" srcset=\"https:\/\/ceolot.cat\/mainada\/wp-content\/uploads\/sites\/5\/2024\/10\/1000043796-2100x1400.jpg 2100w, https:\/\/ceolot.cat\/mainada\/wp-content\/uploads\/sites\/5\/2024\/10\/1000043796-300x200.jpg 300w, https:\/\/ceolot.cat\/mainada\/wp-content\/uploads\/sites\/5\/2024\/10\/1000043796-768x512.jpg 768w, https:\/\/ceolot.cat\/mainada\/wp-content\/uploads\/sites\/5\/2024\/10\/1000043796-1536x1024.jpg 1536w, https:\/\/ceolot.cat\/mainada\/wp-content\/uploads\/sites\/5\/2024\/10\/1000043796-2048x1366.jpg 2048w\" sizes=\"auto, (max-width: 2100px) 100vw, 2100px\" \/><\/figure>\n\n<\/div><\/div><\/div>\n\n<div class=\"gb-grid-column gb-grid-column-32454c89\"><div class=\"gb-container gb-container-32454c89\"><div class=\"gb-inside-container\">\n<div class=\"gb-container gb-container-0ada0c4f\"><div class=\"gb-inside-container\">\n\n<h2 class=\"gb-headline gb-headline-99902dcb gb-headline-text\">JOVES<\/h2>\n\n\n\n<blockquote class=\"wp-block-quote is-layout-flow wp-block-quote-is-layout-flow\" style=\"color:#00d084\">\n<p>&#8220;<strong>Tothom vol viure al cim de la muntanya, per\u00f2 tota la felicitat i el creixement t\u00e9 lloc mentre l&#8217;est\u00e0s pujant.\u201d<\/strong> &#8211; Andy Rooney<\/p>\n<\/blockquote>\n\n<\/div><\/div>\n<\/div><\/div><\/div>\n<\/div>\n\n\n<div style=\"height:60px\" aria-hidden=\"true\" class=\"wp-block-spacer\"><\/div>\n\n\n<div class=\"gb-grid-wrapper gb-grid-wrapper-9e8b35e7\">\n<div class=\"gb-grid-column gb-grid-column-3e7fe3f5\"><div class=\"gb-container gb-container-3e7fe3f5\"><div class=\"gb-inside-container\">\n\n<p class=\"has-text-color\" style=\"color:#fb7d28\"><strong>Calendari<\/strong><\/p>\n\n\n\n<figure class=\"wp-block-image size-full\"><img loading=\"lazy\" decoding=\"async\" width=\"1594\" height=\"1132\" src=\"https:\/\/ceolot.cat\/mainada\/wp-content\/uploads\/sites\/5\/2025\/09\/Captura-de-pantalla-2025-09-22-a-las-18.47.42-2.png\" alt=\"\" class=\"wp-image-15146\" srcset=\"https:\/\/ceolot.cat\/mainada\/wp-content\/uploads\/sites\/5\/2025\/09\/Captura-de-pantalla-2025-09-22-a-las-18.47.42-2.png 1594w, https:\/\/ceolot.cat\/mainada\/wp-content\/uploads\/sites\/5\/2025\/09\/Captura-de-pantalla-2025-09-22-a-las-18.47.42-2-300x213.png 300w, https:\/\/ceolot.cat\/mainada\/wp-content\/uploads\/sites\/5\/2025\/09\/Captura-de-pantalla-2025-09-22-a-las-18.47.42-2-768x545.png 768w, https:\/\/ceolot.cat\/mainada\/wp-content\/uploads\/sites\/5\/2025\/09\/Captura-de-pantalla-2025-09-22-a-las-18.47.42-2-1536x1091.png 1536w\" sizes=\"auto, (max-width: 1594px) 100vw, 1594px\" \/><\/figure>\n\n\n\n<figure class=\"gb-block-image gb-block-image-0f3c220f\"><img loading=\"lazy\" decoding=\"async\" width=\"1842\" height=\"1326\" class=\"gb-image gb-image-0f3c220f\" src=\"https:\/\/ceolot.cat\/mainada\/wp-content\/uploads\/sites\/5\/2026\/02\/Captura-de-pantalla-2026-02-01-a-las-13.31.50-1.png\" alt=\"\" title=\"Captura de pantalla 2026-02-01 a las 13.31.50\" srcset=\"https:\/\/ceolot.cat\/mainada\/wp-content\/uploads\/sites\/5\/2026\/02\/Captura-de-pantalla-2026-02-01-a-las-13.31.50-1.png 1842w, https:\/\/ceolot.cat\/mainada\/wp-content\/uploads\/sites\/5\/2026\/02\/Captura-de-pantalla-2026-02-01-a-las-13.31.50-1-300x216.png 300w, https:\/\/ceolot.cat\/mainada\/wp-content\/uploads\/sites\/5\/2026\/02\/Captura-de-pantalla-2026-02-01-a-las-13.31.50-1-768x553.png 768w, https:\/\/ceolot.cat\/mainada\/wp-content\/uploads\/sites\/5\/2026\/02\/Captura-de-pantalla-2026-02-01-a-las-13.31.50-1-1536x1106.png 1536w\" sizes=\"auto, (max-width: 1842px) 100vw, 1842px\" \/><\/figure>\n\n\n\n<figure class=\"gb-block-image gb-block-image-3b7b108c\"><img loading=\"lazy\" decoding=\"async\" width=\"1482\" height=\"1086\" class=\"gb-image gb-image-3b7b108c\" src=\"https:\/\/ceolot.cat\/mainada\/wp-content\/uploads\/sites\/5\/2026\/03\/Captura-de-pantalla-2026-03-01-a-las-18.08.55-1.png\" alt=\"\" title=\"Captura de pantalla 2026-03-01 a las 18.08.55\" srcset=\"https:\/\/ceolot.cat\/mainada\/wp-content\/uploads\/sites\/5\/2026\/03\/Captura-de-pantalla-2026-03-01-a-las-18.08.55-1.png 1482w, https:\/\/ceolot.cat\/mainada\/wp-content\/uploads\/sites\/5\/2026\/03\/Captura-de-pantalla-2026-03-01-a-las-18.08.55-1-300x220.png 300w, https:\/\/ceolot.cat\/mainada\/wp-content\/uploads\/sites\/5\/2026\/03\/Captura-de-pantalla-2026-03-01-a-las-18.08.55-1-768x563.png 768w\" sizes=\"auto, (max-width: 1482px) 100vw, 1482px\" \/><\/figure>\n\n\n\n<p class=\"has-vivid-green-cyan-color has-text-color\"><strong>Qui en forma part?<\/strong><\/p>\n\n\n\n<p>Joves nascuts l&#8217;any 2009 i 2010.<\/p>\n\n\n\n<p class=\"has-vivid-green-cyan-color has-text-color\"><strong>Quins s\u00f3n els nostres objectius?<\/strong><\/p>\n\n\n\n<ul class=\"wp-block-list\">\n<li>Fer rutes i les caminades m\u00e9s llargues (17 a 23 km)<\/li>\n\n\n\n<li>Aprendre a orientar-se per la muntanya de manera aut\u00f2noma.<\/li>\n\n\n\n<li>Experimentar noves aventures a la muntanya a part del senderisme, com l\u2019escalada o les raquetes.<\/li>\n\n\n\n<li>Gaudir de la natura i del meravell\u00f3s paisatge que ens envolta.<\/li>\n\n\n\n<li>Compartir grans viv\u00e8ncies i passar-nos-ho molt b\u00e9 tots plegats!<\/li>\n\n\n\n<li>Preparar i fer una ruta d&#8217;uns quants dies (lloc sorpresa, de moment)!<\/li>\n\n\n\n<li>Obtenir una bona cohesi\u00f3 de grup.<\/li>\n<\/ul>\n\n\n\n<p class=\"has-vivid-green-cyan-color has-text-color\"><strong>Quin \u00e9s el material imprescindible?<\/strong><\/p>\n\n\n\n<ul class=\"wp-block-list\">\n<li>Cal\u00e7at c\u00f2mode de muntanya<\/li>\n\n\n\n<li>Roba esportiva<\/li>\n\n\n\n<li>Impermeable<\/li>\n\n\n\n<li>Esmorzar i dinar<\/li>\n\n\n\n<li>1\u20195 L d\u2019aigua<\/li>\n<\/ul>\n\n\n\n<p>En les excursions o rutes que es requereixi un material espec\u00edfic s\u2019enviar\u00e0 un correu informatiu amb la llista corresponent<\/p>\n\n\n\n<p class=\"has-vivid-green-cyan-color has-text-color\"><strong>Davant qualsevol dubte\u2026<\/strong><\/p>\n\n\n\n<p>Podeu contactar amb nosaltres dirigint-vos al local del CEO,<br>enviar un correu electr\u00f2nic o per tel\u00e8fon:<\/p>\n\n\n\n<p><a href=\"mailto:joves@ceolot.cat\">joves@ceolot.cat<\/a><\/p>\n\n\n\n<p><a href=\"tel:\">648 162 808<\/a>(Neus Massegur)<\/p>\n\n<\/div><\/div><\/div>\n\n<div class=\"gb-grid-column gb-grid-column-6a6591a6\"><div class=\"gb-container gb-container-6a6591a6 barralateralr-ceo\"><div class=\"gb-inside-container\">\n\n<\/div><\/div><\/div>\n<\/div>\n\n\n<div style=\"height:100px\" aria-hidden=\"true\" class=\"wp-block-spacer\"><\/div>\n","protected":false},"excerpt":{"rendered":"","protected":false},"author":5,"featured_media":0,"parent":0,"menu_order":0,"comment_status":"closed","ping_status":"closed","template":"","meta":{"_acf_changed":false,"_coblocks_attr":"","_coblocks_dimensions":"","_coblocks_responsive_height":"","_coblocks_accordion_ie_support":"","footnotes":""},"class_list":["post-1502","page","type-page","status-publish"],"acf":[],"_links":{"self":[{"href":"https:\/\/ceolot.cat\/mainada\/wp-json\/wp\/v2\/pages\/1502","targetHints":{"allow":["GET"]}}],"collection":[{"href":"https:\/\/ceolot.cat\/mainada\/wp-json\/wp\/v2\/pages"}],"about":[{"href":"https:\/\/ceolot.cat\/mainada\/wp-json\/wp\/v2\/types\/page"}],"author":[{"embeddable":true,"href":"https:\/\/ceolot.cat\/mainada\/wp-json\/wp\/v2\/users\/5"}],"replies":[{"embeddable":true,"href":"https:\/\/ceolot.cat\/mainada\/wp-json\/wp\/v2\/comments?post=1502"}],"version-history":[{"count":43,"href":"https:\/\/ceolot.cat\/mainada\/wp-json\/wp\/v2\/pages\/1502\/revisions"}],"predecessor-version":[{"id":16050,"href":"https:\/\/ceolot.cat\/mainada\/wp-json\/wp\/v2\/pages\/1502\/revisions\/16050"}],"wp:attachment":[{"href":"https:\/\/ceolot.cat\/mainada\/wp-json\/wp\/v2\/media?parent=1502"}],"curies":[{"name":"wp","href":"https:\/\/api.w.org\/{rel}","templated":true}]}}