{"id":11703,"date":"2023-05-16T20:06:32","date_gmt":"2023-05-16T18:06:32","guid":{"rendered":"https:\/\/ceolot.cat\/mainada\/?page_id=11703"},"modified":"2025-08-05T20:37:32","modified_gmt":"2025-08-05T18:37:32","slug":"documentacioinscripcions","status":"publish","type":"page","link":"https:\/\/ceolot.cat\/mainada\/documentacioinscripcions\/","title":{"rendered":"DOCUMENTACI\u00d3 per INSCRIPCI\u00d3 a la Secci\u00f3 Mainada 25-26"},"content":{"rendered":"\n<p class=\"is-style-info has-text-color has-background has-link-color wp-elements-43e8a9453894e0941b7cb0dd8178fe72\" style=\"color:#45372d;background-color:#f5e7da\"><strong>ATENCI\u00d3!<\/strong> En aquesta p\u00e0gina no es pot formalitzar la inscripci\u00f3 completa, serveix tan sols per adjuntar la documentaci\u00f3 necess\u00e0ria. Per inscriure&#8217;us heu de seguir les instruccions indicades en el correu que heu rebut un cop finalitzades les preinscripcions (de l&#8217;11 al 24 d&#8217;agost). En cas de no haver-lo rebut contacteu amb inscripcionsceo@gmail.com. <\/p>\n\n\n<p>El termini d&#8217;inscripcions ha finalitzat.<\/p>\n\n\n<p class=\"has-contrast-color has-text-color has-link-color wp-elements-60bf8c67e2b6a9a3c02661d382b116e1\"><\/p>\n\n\n\n<p><\/p>\n","protected":false},"excerpt":{"rendered":"<p>ATENCI\u00d3! En aquesta p\u00e0gina no es pot formalitzar la inscripci\u00f3 completa, serveix tan sols per adjuntar la documentaci\u00f3 necess\u00e0ria. Per &#8230; <a title=\"DOCUMENTACI\u00d3 per INSCRIPCI\u00d3 a la Secci\u00f3 Mainada 25-26\" class=\"read-more\" href=\"https:\/\/ceolot.cat\/mainada\/documentacioinscripcions\/\" aria-label=\"M\u00e9s informaci\u00f3 sobre DOCUMENTACI\u00d3 per INSCRIPCI\u00d3 a la Secci\u00f3 Mainada 25-26\">Continua<\/a><\/p>\n","protected":false},"author":2,"featured_media":0,"parent":0,"menu_order":0,"comment_status":"closed","ping_status":"closed","template":"","meta":{"_acf_changed":false,"_coblocks_attr":"","_coblocks_dimensions":"","_coblocks_responsive_height":"","_coblocks_accordion_ie_support":"","footnotes":""},"class_list":["post-11703","page","type-page","status-publish"],"acf":[],"_links":{"self":[{"href":"https:\/\/ceolot.cat\/mainada\/wp-json\/wp\/v2\/pages\/11703","targetHints":{"allow":["GET"]}}],"collection":[{"href":"https:\/\/ceolot.cat\/mainada\/wp-json\/wp\/v2\/pages"}],"about":[{"href":"https:\/\/ceolot.cat\/mainada\/wp-json\/wp\/v2\/types\/page"}],"author":[{"embeddable":true,"href":"https:\/\/ceolot.cat\/mainada\/wp-json\/wp\/v2\/users\/2"}],"replies":[{"embeddable":true,"href":"https:\/\/ceolot.cat\/mainada\/wp-json\/wp\/v2\/comments?post=11703"}],"version-history":[{"count":10,"href":"https:\/\/ceolot.cat\/mainada\/wp-json\/wp\/v2\/pages\/11703\/revisions"}],"predecessor-version":[{"id":15130,"href":"https:\/\/ceolot.cat\/mainada\/wp-json\/wp\/v2\/pages\/11703\/revisions\/15130"}],"wp:attachment":[{"href":"https:\/\/ceolot.cat\/mainada\/wp-json\/wp\/v2\/media?parent=11703"}],"curies":[{"name":"wp","href":"https:\/\/api.w.org\/{rel}","templated":true}]}}