{"id":956,"date":"2021-02-19T08:02:54","date_gmt":"2021-02-19T06:02:54","guid":{"rendered":"http:\/\/faig.cat\/satellite\/?page_id=956"},"modified":"2026-04-13T18:35:56","modified_gmt":"2026-04-13T16:35:56","slug":"volta-als-volcans-dolot","status":"publish","type":"page","link":"https:\/\/ceolot.cat\/embardissada\/","title":{"rendered":"Inici"},"content":{"rendered":"\n<div style=\"height:31px\" aria-hidden=\"true\" class=\"wp-block-spacer\"><\/div>\n\n\n\n<div class=\"wp-block-buttons has-custom-font-size has-large-font-size is-content-justification-center is-layout-flex wp-container-core-buttons-is-layout-16018d1d wp-block-buttons-is-layout-flex\">\n<div class=\"wp-block-button has-custom-width wp-block-button__width-50 is-style-fill\" style=\"font-size:32px\"><a class=\"wp-block-button__link wp-element-button\" href=\"https:\/\/ceolot.cat\/embardissada\/voltes\/xlviii-embardissada\/\">Inscripcions obertes!<\/a><\/div>\n<\/div>\n\n\n\n<p><\/p>\n\n\n<div class=\"gb-grid-wrapper gb-grid-wrapper-8e7ff7fd\">\n<div class=\"gb-grid-column gb-grid-column-ee899be3\"><div class=\"gb-container gb-container-ee899be3\"><div class=\"gb-inside-container\">\n\n<figure class=\"wp-block-image size-full is-resized coblocks-animate\" data-coblocks-animation=\"slideInLeft\"><img loading=\"lazy\" decoding=\"async\" width=\"897\" height=\"1248\" src=\"https:\/\/ceolot.cat\/embardissada\/wp-content\/uploads\/sites\/10\/2026\/04\/Cartell-Embardissada-2026.png\" alt=\"\" class=\"wp-image-8547\" style=\"width:703px;height:auto\" srcset=\"https:\/\/ceolot.cat\/embardissada\/wp-content\/uploads\/sites\/10\/2026\/04\/Cartell-Embardissada-2026.png 897w, https:\/\/ceolot.cat\/embardissada\/wp-content\/uploads\/sites\/10\/2026\/04\/Cartell-Embardissada-2026-216x300.png 216w, https:\/\/ceolot.cat\/embardissada\/wp-content\/uploads\/sites\/10\/2026\/04\/Cartell-Embardissada-2026-768x1069.png 768w\" sizes=\"auto, (max-width: 897px) 100vw, 897px\" \/><\/figure>\n\n<\/div><\/div><\/div>\n\n<div class=\"gb-grid-column gb-grid-column-e0c53281\"><div class=\"gb-container gb-container-e0c53281\"><div class=\"gb-inside-container\">\n\n<h1 class=\"gb-headline gb-headline-c0a87de7 gb-headline-text\">Si no has fet mai una Embardissada, no coneixes l&#8217;Alta Garrotxa.<\/h1>\n\n\n\n<h2 class=\"wp-block-heading\"><br>\u00b7 20 km i 900mD+<\/h2>\n\n\n\n<p><\/p>\n\n\n\n<h3 class=\"gb-headline gb-headline-0ef8aa9c gb-headline-text\"><strong>Diumenge 19 d&#8217;abril de 2026<\/strong><\/h3>\n\n\n\n<p class=\"has-karla-font-family has-medium-font-size has-custom-font\" style=\"font-family:Karla;font-size:15px\">Hostalnou de Bianya (Morrals) &#8211; Sant Valent\u00ed de la Cau &#8211; Pedr\u00f3 de Sant Tom\u00e0s &#8211; Malforat &#8211; Sant Mart\u00ed del Clot &#8211; Hostalnou de Bianya (Morrals)<\/p>\n\n\n\n<div style=\"height:10px\" aria-hidden=\"true\" class=\"wp-block-spacer\"><\/div>\n\n<\/div><\/div><\/div>\n<\/div>\n\n\n<hr class=\"wp-block-coblocks-dynamic-separator\" style=\"height:50px\" \/>\n\n\n\n<h1 class=\"gb-headline gb-headline-ae0af3b2 gb-headline-text\">L\u2019Embardissada, molt m\u00e9s que una caminada<\/h1>\n\n\n\n<div style=\"height:41px\" aria-hidden=\"true\" class=\"wp-block-spacer\"><\/div>\n\n\n\n<div class=\"wp-block-columns alignwide is-layout-flex wp-container-core-columns-is-layout-9d6595d7 wp-block-columns-is-layout-flex\">\n<div class=\"wp-block-column is-layout-flow wp-block-column-is-layout-flow\" style=\"flex-basis:100%\">\n<div class=\"wp-block-columns is-layout-flex wp-container-core-columns-is-layout-9d6595d7 wp-block-columns-is-layout-flex\">\n<div class=\"wp-block-column is-vertically-aligned-top is-layout-flow wp-block-column-is-layout-flow\" style=\"flex-basis:100%\">\n<div class=\"wp-block-columns is-layout-flex wp-container-core-columns-is-layout-9d6595d7 wp-block-columns-is-layout-flex\">\n<div class=\"wp-block-column is-layout-flow wp-block-column-is-layout-flow\" style=\"flex-basis:100%\">\n<div class=\"wp-block-columns is-layout-flex wp-container-core-columns-is-layout-9d6595d7 wp-block-columns-is-layout-flex\">\n<div class=\"wp-block-column is-layout-flow wp-block-column-is-layout-flow\" style=\"flex-basis:50%\">\n<ul style=\"font-family:Karla;font-size:15px\" class=\"wp-block-list has-karla-font-family has-custom-font\">\n<li>S\u2019han recorregut uns 1.000 km de camins, molts d\u2019ells recuperats a partir dels coneixements de antics residents a l\u2019Alta Garrotxa i excursionistes veterans.<\/li>\n\n\n\n<li>Els voluntaris han netejat i estassat m\u00e9s de la meitat d\u2019aquest recorregut.<\/li>\n\n\n\n<li>S\u2019han editat 46 pl\u00e0nols amb els camins representats gr\u00e0ficament.<\/li>\n\n\n\n<li>46, tamb\u00e9 s\u00f3n els llibrets explicatius amb la descripci\u00f3 de l\u2019itinerari, incorporaci\u00f3 de dades hist\u00f2riques, de patrimoni&nbsp; cultural i extenses descripcions de vegetaci\u00f3 i geologia.<\/li>\n\n\n\n<li>S\u2019han aparcat m\u00e9s de 400 cotxes en cada edici\u00f3.<\/li>\n<\/ul>\n<\/div>\n\n\n\n<div class=\"wp-block-column is-layout-flow wp-block-column-is-layout-flow\" style=\"flex-basis:50%\">\n<ul style=\"font-family:Karla;font-size:15px\" id=\"block-9d3ccd12-610c-4483-926d-887fd6236c2b\" class=\"wp-block-list has-karla-font-family has-custom-font\">\n<li>S\u2019ha procurat no repetir dos anys seguits la sortida en el mateix municipi aix\u00ed tenim que al llarg d\u2019aquest anys l\u2019embardissada ha sortit 10 vegades de Sadernes, 10 d\u2019Oix, 8 de Beuda, 6 de Sant Pau de Seguries, 4 de Tortell\u00e0, 2 de Beget, 1 de Capsec, 1 del ve\u00efnat de Carrera, 1 d\u2019Albany\u00e0, 1 de Font Rub\u00ed, 1 de Sales de Llierca i 1 de Camprodon.<\/li>\n\n\n\n<li>Han estat aproximadament uns 46.000 els i les participants en el conjunt de totes&nbsp; les edicions.<\/li>\n\n\n\n<li>L\u2019edici\u00f3 m\u00e9s llarga son 27 km i la m\u00e9s curta 17 km. Amb uns desnivells positius de 1.200 m de mitja en les diferents caminades.<\/li>\n<\/ul>\n<\/div>\n<\/div>\n<\/div>\n<\/div>\n<\/div>\n<\/div>\n<\/div>\n<\/div>\n\n\n<div class=\"wp-block-image\">\n<figure class=\"aligncenter size-large is-resized\"><img loading=\"lazy\" decoding=\"async\" width=\"2100\" height=\"1400\" src=\"https:\/\/ceolot.cat\/embardissada\/wp-content\/uploads\/sites\/10\/2022\/03\/post-petjada-verda-embardissada-2100x1400.jpg\" alt=\"\" class=\"wp-image-1506\" style=\"width:881px;height:587px\" srcset=\"https:\/\/ceolot.cat\/embardissada\/wp-content\/uploads\/sites\/10\/2022\/03\/post-petjada-verda-embardissada-2100x1400.jpg 2100w, https:\/\/ceolot.cat\/embardissada\/wp-content\/uploads\/sites\/10\/2022\/03\/post-petjada-verda-embardissada-300x200.jpg 300w, https:\/\/ceolot.cat\/embardissada\/wp-content\/uploads\/sites\/10\/2022\/03\/post-petjada-verda-embardissada-768x512.jpg 768w, https:\/\/ceolot.cat\/embardissada\/wp-content\/uploads\/sites\/10\/2022\/03\/post-petjada-verda-embardissada-1536x1024.jpg 1536w, https:\/\/ceolot.cat\/embardissada\/wp-content\/uploads\/sites\/10\/2022\/03\/post-petjada-verda-embardissada-2048x1365.jpg 2048w\" sizes=\"auto, (max-width: 2100px) 100vw, 2100px\" \/><figcaption class=\"wp-element-caption\"><em>SEGELL SOSTENIBLE de l\u2019Embardissada<\/em><\/figcaption><\/figure><\/div>\n\n\n<hr class=\"wp-block-coblocks-dynamic-separator\" style=\"height:50px\" \/>\n\n\n\n<p class=\"has-text-align-center has-karla-font-family has-custom-font\" style=\"font-family:Karla;font-size:15px\"><strong>L\u2019Embardissada una de les marxes excursionistes amb m\u00e9s hist\u00f2ria, 46ena edici\u00f3 la d\u2019aquest any 2024, <\/strong><br><strong>ha donat a con\u00e8ixer el territori singular i fer\u00e9stec de l\u2019Alta Garrotxa a les persones que hi han participat, <\/strong><br><strong>tant de la comarca com foranies gr\u00e0cies al treball dels voluntaris, organitzadors <\/strong><br><strong>i col\u00b7laboradors del Centre Excursionista.<\/strong><\/p>\n\n\n\n<div style=\"height:30px\" aria-hidden=\"true\" class=\"wp-block-spacer\"><\/div>\n\n\n\n<div class=\"wp-block-columns is-layout-flex wp-container-core-columns-is-layout-9d6595d7 wp-block-columns-is-layout-flex\">\n<div class=\"wp-block-column is-layout-flow wp-block-column-is-layout-flow\"><div class=\"wp-block-image\">\n<figure class=\"aligncenter size-full is-resized\"><a href=\"https:\/\/ceolot.cat\/embardissada\/inscripcions-i-preus\/\"><img loading=\"lazy\" decoding=\"async\" width=\"512\" height=\"512\" src=\"https:\/\/ceolot.cat\/embardissada\/wp-content\/uploads\/sites\/10\/2022\/03\/writing-1.png\" alt=\"\" class=\"wp-image-1362\" style=\"width:152px;height:152px\" srcset=\"https:\/\/ceolot.cat\/embardissada\/wp-content\/uploads\/sites\/10\/2022\/03\/writing-1.png 512w, https:\/\/ceolot.cat\/embardissada\/wp-content\/uploads\/sites\/10\/2022\/03\/writing-1-300x300.png 300w, https:\/\/ceolot.cat\/embardissada\/wp-content\/uploads\/sites\/10\/2022\/03\/writing-1-150x150.png 150w\" sizes=\"auto, (max-width: 512px) 100vw, 512px\" \/><\/a><\/figure><\/div>\n\n<div class=\"gb-button-wrapper gb-button-wrapper-333af919\">\n\n<a class=\"gb-button gb-button-38f298f0 gb-button-text\" href=\"https:\/\/ceolot.cat\/embardissada\/inscripcions-i-preus\/\">INSCRIPCIONS I PREUS<\/a>\n\n<\/div><\/div>\n\n\n\n<div class=\"wp-block-column is-layout-flow wp-block-column-is-layout-flow\"><div class=\"wp-block-image\">\n<figure class=\"aligncenter size-full is-resized\"><a href=\"https:\/\/ceolot.cat\/embardissada\/1142-2\/\"><img loading=\"lazy\" decoding=\"async\" width=\"512\" height=\"512\" src=\"https:\/\/ceolot.cat\/embardissada\/wp-content\/uploads\/sites\/10\/2022\/03\/amonestation-1.png\" alt=\"\" class=\"wp-image-1364\" style=\"width:154px;height:154px\" srcset=\"https:\/\/ceolot.cat\/embardissada\/wp-content\/uploads\/sites\/10\/2022\/03\/amonestation-1.png 512w, https:\/\/ceolot.cat\/embardissada\/wp-content\/uploads\/sites\/10\/2022\/03\/amonestation-1-300x300.png 300w, https:\/\/ceolot.cat\/embardissada\/wp-content\/uploads\/sites\/10\/2022\/03\/amonestation-1-150x150.png 150w\" sizes=\"auto, (max-width: 512px) 100vw, 512px\" \/><\/a><\/figure><\/div>\n\n<div class=\"gb-button-wrapper gb-button-wrapper-ea62d135\">\n\n<a class=\"gb-button gb-button-b1e1623f gb-button-text\" href=\"https:\/\/ceolot.cat\/embardissada\/1142-2\/\">REGLAMENT<\/a>\n\n<\/div><\/div>\n<\/div>\n\n\n\n<div class=\"wp-block-columns is-layout-flex wp-container-core-columns-is-layout-9d6595d7 wp-block-columns-is-layout-flex\">\n<div class=\"wp-block-column is-layout-flow wp-block-column-is-layout-flow\"><div class=\"wp-block-image\">\n<figure class=\"aligncenter size-full is-resized\"><img loading=\"lazy\" decoding=\"async\" width=\"512\" height=\"512\" src=\"https:\/\/ceolot.cat\/embardissada\/wp-content\/uploads\/sites\/10\/2022\/03\/history-1.png\" alt=\"\" class=\"wp-image-1365\" style=\"width:142px;height:142px\" srcset=\"https:\/\/ceolot.cat\/embardissada\/wp-content\/uploads\/sites\/10\/2022\/03\/history-1.png 512w, https:\/\/ceolot.cat\/embardissada\/wp-content\/uploads\/sites\/10\/2022\/03\/history-1-300x300.png 300w, https:\/\/ceolot.cat\/embardissada\/wp-content\/uploads\/sites\/10\/2022\/03\/history-1-150x150.png 150w\" sizes=\"auto, (max-width: 512px) 100vw, 512px\" \/><\/figure><\/div>\n\n<div class=\"gb-button-wrapper gb-button-wrapper-c32695f5\">\n\n<a class=\"gb-button gb-button-dd965bfd gb-button-text\" href=\"https:\/\/ceolot.cat\/embardissada\/historia\/\">HIST\u00d2RIA<\/a>\n\n<\/div><\/div>\n\n\n\n<div class=\"wp-block-column is-layout-flow wp-block-column-is-layout-flow\"><div class=\"wp-block-image\">\n<figure class=\"aligncenter size-full is-resized\"><img loading=\"lazy\" decoding=\"async\" width=\"512\" height=\"512\" src=\"https:\/\/ceolot.cat\/embardissada\/wp-content\/uploads\/sites\/10\/2022\/03\/image-gallery-1.png\" alt=\"\" class=\"wp-image-1366\" style=\"width:143px;height:143px\" srcset=\"https:\/\/ceolot.cat\/embardissada\/wp-content\/uploads\/sites\/10\/2022\/03\/image-gallery-1.png 512w, https:\/\/ceolot.cat\/embardissada\/wp-content\/uploads\/sites\/10\/2022\/03\/image-gallery-1-300x300.png 300w, https:\/\/ceolot.cat\/embardissada\/wp-content\/uploads\/sites\/10\/2022\/03\/image-gallery-1-150x150.png 150w\" sizes=\"auto, (max-width: 512px) 100vw, 512px\" \/><\/figure><\/div>\n\n<div class=\"gb-button-wrapper gb-button-wrapper-5ef5d33e\">\n\n<a class=\"gb-button gb-button-67e4c119 gb-button-text\" href=\"https:\/\/ceolot.cat\/embardissada\/galeria\/\">GALERIA<\/a>\n\n<\/div><\/div>\n<\/div>\n\n\n\n<hr class=\"wp-block-coblocks-dynamic-separator\" style=\"height:50px\" \/>\n\n\n\n<ul class=\"wp-block-social-links is-content-justification-center is-layout-flex wp-container-core-social-links-is-layout-16018d1d wp-block-social-links-is-layout-flex\"><li class=\"wp-social-link wp-social-link-instagram  wp-block-social-link\"><a href=\"https:\/\/www.instagram.com\/embardissada\/\" class=\"wp-block-social-link-anchor\"><svg width=\"24\" height=\"24\" viewBox=\"0 0 24 24\" version=\"1.1\" xmlns=\"http:\/\/www.w3.org\/2000\/svg\" aria-hidden=\"true\" focusable=\"false\"><path d=\"M12,4.622c2.403,0,2.688,0.009,3.637,0.052c0.877,0.04,1.354,0.187,1.671,0.31c0.42,0.163,0.72,0.358,1.035,0.673 c0.315,0.315,0.51,0.615,0.673,1.035c0.123,0.317,0.27,0.794,0.31,1.671c0.043,0.949,0.052,1.234,0.052,3.637 s-0.009,2.688-0.052,3.637c-0.04,0.877-0.187,1.354-0.31,1.671c-0.163,0.42-0.358,0.72-0.673,1.035 c-0.315,0.315-0.615,0.51-1.035,0.673c-0.317,0.123-0.794,0.27-1.671,0.31c-0.949,0.043-1.233,0.052-3.637,0.052 s-2.688-0.009-3.637-0.052c-0.877-0.04-1.354-0.187-1.671-0.31c-0.42-0.163-0.72-0.358-1.035-0.673 c-0.315-0.315-0.51-0.615-0.673-1.035c-0.123-0.317-0.27-0.794-0.31-1.671C4.631,14.688,4.622,14.403,4.622,12 s0.009-2.688,0.052-3.637c0.04-0.877,0.187-1.354,0.31-1.671c0.163-0.42,0.358-0.72,0.673-1.035 c0.315-0.315,0.615-0.51,1.035-0.673c0.317-0.123,0.794-0.27,1.671-0.31C9.312,4.631,9.597,4.622,12,4.622 M12,3 C9.556,3,9.249,3.01,8.289,3.054C7.331,3.098,6.677,3.25,6.105,3.472C5.513,3.702,5.011,4.01,4.511,4.511 c-0.5,0.5-0.808,1.002-1.038,1.594C3.25,6.677,3.098,7.331,3.054,8.289C3.01,9.249,3,9.556,3,12c0,2.444,0.01,2.751,0.054,3.711 c0.044,0.958,0.196,1.612,0.418,2.185c0.23,0.592,0.538,1.094,1.038,1.594c0.5,0.5,1.002,0.808,1.594,1.038 c0.572,0.222,1.227,0.375,2.185,0.418C9.249,20.99,9.556,21,12,21s2.751-0.01,3.711-0.054c0.958-0.044,1.612-0.196,2.185-0.418 c0.592-0.23,1.094-0.538,1.594-1.038c0.5-0.5,0.808-1.002,1.038-1.594c0.222-0.572,0.375-1.227,0.418-2.185 C20.99,14.751,21,14.444,21,12s-0.01-2.751-0.054-3.711c-0.044-0.958-0.196-1.612-0.418-2.185c-0.23-0.592-0.538-1.094-1.038-1.594 c-0.5-0.5-1.002-0.808-1.594-1.038c-0.572-0.222-1.227-0.375-2.185-0.418C14.751,3.01,14.444,3,12,3L12,3z M12,7.378 c-2.552,0-4.622,2.069-4.622,4.622S9.448,16.622,12,16.622s4.622-2.069,4.622-4.622S14.552,7.378,12,7.378z M12,15 c-1.657,0-3-1.343-3-3s1.343-3,3-3s3,1.343,3,3S13.657,15,12,15z M16.804,6.116c-0.596,0-1.08,0.484-1.08,1.08 s0.484,1.08,1.08,1.08c0.596,0,1.08-0.484,1.08-1.08S17.401,6.116,16.804,6.116z\"><\/path><\/svg><span class=\"wp-block-social-link-label screen-reader-text\">Instagram<\/span><\/a><\/li>\n\n<li class=\"wp-social-link wp-social-link-facebook  wp-block-social-link\"><a href=\"https:\/\/www.facebook.com\/ceolot\/\" class=\"wp-block-social-link-anchor\"><svg width=\"24\" height=\"24\" viewBox=\"0 0 24 24\" version=\"1.1\" xmlns=\"http:\/\/www.w3.org\/2000\/svg\" aria-hidden=\"true\" focusable=\"false\"><path d=\"M12 2C6.5 2 2 6.5 2 12c0 5 3.7 9.1 8.4 9.9v-7H7.9V12h2.5V9.8c0-2.5 1.5-3.9 3.8-3.9 1.1 0 2.2.2 2.2.2v2.5h-1.3c-1.2 0-1.6.8-1.6 1.6V12h2.8l-.4 2.9h-2.3v7C18.3 21.1 22 17 22 12c0-5.5-4.5-10-10-10z\"><\/path><\/svg><span class=\"wp-block-social-link-label screen-reader-text\">Facebook<\/span><\/a><\/li>\n\n<li class=\"wp-social-link wp-social-link-twitter  wp-block-social-link\"><a href=\"https:\/\/twitter.com\/ceolot\" class=\"wp-block-social-link-anchor\"><svg width=\"24\" height=\"24\" viewBox=\"0 0 24 24\" version=\"1.1\" xmlns=\"http:\/\/www.w3.org\/2000\/svg\" aria-hidden=\"true\" focusable=\"false\"><path d=\"M22.23,5.924c-0.736,0.326-1.527,0.547-2.357,0.646c0.847-0.508,1.498-1.312,1.804-2.27 c-0.793,0.47-1.671,0.812-2.606,0.996C18.324,4.498,17.257,4,16.077,4c-2.266,0-4.103,1.837-4.103,4.103 c0,0.322,0.036,0.635,0.106,0.935C8.67,8.867,5.647,7.234,3.623,4.751C3.27,5.357,3.067,6.062,3.067,6.814 c0,1.424,0.724,2.679,1.825,3.415c-0.673-0.021-1.305-0.206-1.859-0.513c0,0.017,0,0.034,0,0.052c0,1.988,1.414,3.647,3.292,4.023 c-0.344,0.094-0.707,0.144-1.081,0.144c-0.264,0-0.521-0.026-0.772-0.074c0.522,1.63,2.038,2.816,3.833,2.85 c-1.404,1.1-3.174,1.756-5.096,1.756c-0.331,0-0.658-0.019-0.979-0.057c1.816,1.164,3.973,1.843,6.29,1.843 c7.547,0,11.675-6.252,11.675-11.675c0-0.178-0.004-0.355-0.012-0.531C20.985,7.47,21.68,6.747,22.23,5.924z\"><\/path><\/svg><span class=\"wp-block-social-link-label screen-reader-text\">Twitter<\/span><\/a><\/li><\/ul>\n\n\n\n<div class=\"wp-block-columns is-layout-flex wp-container-core-columns-is-layout-9d6595d7 wp-block-columns-is-layout-flex\">\n<div class=\"wp-block-column is-vertically-aligned-top is-layout-flow wp-block-column-is-layout-flow\">\n<p><\/p>\n<\/div>\n\n\n\n<div class=\"wp-block-column is-vertically-aligned-top is-layout-flow wp-block-column-is-layout-flow\"><\/div>\n\n\n\n<div class=\"wp-block-column is-vertically-aligned-top is-layout-flow wp-block-column-is-layout-flow\"><\/div>\n\n\n\n<div class=\"wp-block-column is-vertically-aligned-top is-layout-flow wp-block-column-is-layout-flow\"><\/div>\n<\/div>\n","protected":false},"excerpt":{"rendered":"<p>L\u2019Embardissada, molt m\u00e9s que una caminada L\u2019Embardissada una de les marxes excursionistes amb m\u00e9s hist\u00f2ria, 46ena edici\u00f3 la d\u2019aquest any &#8230; <a title=\"Inici\" class=\"read-more\" href=\"https:\/\/ceolot.cat\/embardissada\/\" aria-label=\"M\u00e9s informaci\u00f3 sobre Inici\">Continua<\/a><\/p>\n","protected":false},"author":2,"featured_media":0,"parent":0,"menu_order":0,"comment_status":"closed","ping_status":"closed","template":"","meta":{"_acf_changed":false,"_coblocks_attr":"Karla,Karla","_coblocks_dimensions":"","_coblocks_responsive_height":"","_coblocks_accordion_ie_support":"","footnotes":""},"class_list":["post-956","page","type-page","status-publish"],"acf":[],"_links":{"self":[{"href":"https:\/\/ceolot.cat\/embardissada\/wp-json\/wp\/v2\/pages\/956","targetHints":{"allow":["GET"]}}],"collection":[{"href":"https:\/\/ceolot.cat\/embardissada\/wp-json\/wp\/v2\/pages"}],"about":[{"href":"https:\/\/ceolot.cat\/embardissada\/wp-json\/wp\/v2\/types\/page"}],"author":[{"embeddable":true,"href":"https:\/\/ceolot.cat\/embardissada\/wp-json\/wp\/v2\/users\/2"}],"replies":[{"embeddable":true,"href":"https:\/\/ceolot.cat\/embardissada\/wp-json\/wp\/v2\/comments?post=956"}],"version-history":[{"count":134,"href":"https:\/\/ceolot.cat\/embardissada\/wp-json\/wp\/v2\/pages\/956\/revisions"}],"predecessor-version":[{"id":8549,"href":"https:\/\/ceolot.cat\/embardissada\/wp-json\/wp\/v2\/pages\/956\/revisions\/8549"}],"wp:attachment":[{"href":"https:\/\/ceolot.cat\/embardissada\/wp-json\/wp\/v2\/media?parent=956"}],"curies":[{"name":"wp","href":"https:\/\/api.w.org\/{rel}","templated":true}]}}