{"id":1142,"date":"2022-01-27T17:56:31","date_gmt":"2022-01-27T16:56:31","guid":{"rendered":"https:\/\/ceolot.cat\/embardissada\/?page_id=1142"},"modified":"2025-03-18T18:05:59","modified_gmt":"2025-03-18T17:05:59","slug":"1142-2","status":"publish","type":"page","link":"https:\/\/ceolot.cat\/embardissada\/1142-2\/","title":{"rendered":"Reglament"},"content":{"rendered":"\n<div style=\"height:60px\" aria-hidden=\"true\" class=\"wp-block-spacer\"><\/div>\n\n\n\n<div class=\"wp-block-columns is-layout-flex wp-container-core-columns-is-layout-9d6595d7 wp-block-columns-is-layout-flex\">\n<div class=\"wp-block-column is-layout-flow wp-block-column-is-layout-flow\">\n<p class=\"has-text-align-center has-karla-font-family has-custom-font\" style=\"font-size:16px;font-family:Karla\"><strong>Tot el que cal saber per l&#8217;Embardissada; des d&#8217;informaci\u00f3 general fins a <br>desqualificacions, abandonament, altres disposicions i recomanacions.<\/strong><\/p>\n<\/div>\n<\/div>\n\n\n\n<div class=\"wp-block-coblocks-row coblocks-row-66105647635\" data-columns=\"2\" data-layout=\"66-33\"><div class=\"wp-block-coblocks-row__inner has-no-padding has-no-margin is-stacked-on-mobile has-large-gutter\">\n<div class=\"wp-block-coblocks-column coblocks-column-66105650316\" style=\"width:55.00%\"><div class=\"wp-block-coblocks-column__inner has-no-padding has-no-margin\">\n<h1 class=\"gb-headline gb-headline-1485fea8 gb-headline-text\">Sortida<\/h1>\n\n\n\n<p class=\"has-karla-font-family has-custom-font\" style=\"font-size:15px;font-family:Karla\">Ser\u00e0 de les 07:00h fins les 07:30h.<\/p>\n\n\n\n<p><\/p>\n\n\n\n<h1 class=\"gb-headline gb-headline-ed7a3306 gb-headline-text\"><strong>Arribada<\/strong><\/h1>\n\n\n\n<p class=\"has-karla-font-family has-custom-font\" style=\"font-size:15px;font-family:Karla\">Abans de les 17:00h. A les 16:00 es deixar\u00e0 de donar menjar i beure a l\u2019arribada.<\/p>\n\n\n\n<p><\/p>\n\n\n\n<h1 class=\"gb-headline gb-headline-1739bbaa gb-headline-text\"><strong>Controls<\/strong><\/h1>\n\n\n\n<p class=\"has-karla-font-family has-custom-font\" style=\"font-size:15px;font-family:Karla\">A m\u00e9s del de sortida i d\u2019arribada, n\u2019hi haur\u00e0 d\u2019altres de pas al llarg de la ruta que anotaran el pas dels participants. No passar per aquests controls o passar-hi un cop ja estigui tancat \u00e9s motiu de desqualificaci\u00f3.<\/p>\n\n\n\n<p><\/p>\n\n\n\n<p class=\"has-karla-font-family has-custom-font\" style=\"font-size:15px;font-family:Karla\">Es permet portar gos si el propietari\/a se\u2019n fa responsable i si aquest no interromp la marxa dels caminaires. \u00c9s obligatori portar-lo lligat.<\/p>\n\n\n\n<p><\/p>\n\n\n\n<h1 class=\"gb-headline gb-headline-e4a20f68 gb-headline-text\"><strong>Desqualificacions<\/strong><\/h1>\n\n\n\n<p class=\"has-karla-font-family has-custom-font\" style=\"font-size:15px;font-family:Karla\"><strong>1.<\/strong> No lliurar el codi QR o el tiquet als controls.<br><strong>2.<\/strong> Efectuar anotacions o esmenes al tiquet que desvirtu\u00efn la seva finalitat.<br><strong>3.<\/strong> No passar per tots el controls, saltar-se l\u2019ordre establert per l\u2019organitzaci\u00f3 o arribar-hi quan aquest ja estigui tancat.<br><strong>4<\/strong>. Canviar de lloc o amagar les marques existents en el recorregut.<br><strong>5.<\/strong> No respectar l\u2019entorn.<br><strong>6.<\/strong> Malmetre els recursos naturals, geol\u00f2gics o culturals.<br><strong>7.<\/strong> Respectar o sortir de l\u2019itinerari establert i abalisat per l\u2019organitzaci\u00f3.<br><strong>8.<\/strong> Evitar senders secundaris al sender principal.<br><strong>9.<\/strong> Llen\u00e7ar escombraries (incl\u00f2s paper wc) excepte en els llocs habilitats per l\u2019organitzaci\u00f3. Cal denunciar qualsevol conducta mediambiental negligent.<br><strong>10.<\/strong> Cridar durant el recorregut excepte en cas d\u2019emerg\u00e8ncia. <br><strong>11.<\/strong> Posar-se a l\u2019interior de zones humides: basses, rierols, torberes.<br><strong>12.<\/strong> El tercer control tancar\u00e0 a les 12:30. Sortir m\u00e9s tard d&#8217;aquesta hora \u00e9s motiu de desq\u00fcalificaci\u00f3.<br><\/p>\n\n\n\n<h1 class=\"gb-headline gb-headline-b814411b gb-headline-text\"><strong>Abandonament<\/strong><\/h1>\n\n\n\n<p class=\"has-karla-font-family has-custom-font\" style=\"font-size:15px;font-family:Karla\">En el cas d\u2019abandonament s\u2019ha de notificar al control m\u00e9s proper o a un altre participant perqu\u00e8 aquest avisi a l\u2019organitzaci\u00f3. En els llocs adients hi haur\u00e0 vehicles de l\u2019organitzaci\u00f3 a fi de recollir els que no puguin continuar la marxa.<\/p>\n\n\n\n<p><\/p>\n\n\n\n<h1 class=\"gb-headline gb-headline-b2948dc0 gb-headline-text\"><strong>Altres disposicions<\/strong><\/h1>\n\n\n\n<p class=\"has-karla-font-family has-custom-font\" style=\"font-size:15px;font-family:Karla\"><strong>1.<\/strong> El mal temps no ser\u00e0 obstacle per la celebraci\u00f3 de l\u2019Embardissada, la qual, podr\u00e0 ser alterada per l\u2019entitat organitzadora si alguna circumst\u00e0ncia ho aconsella.<br><strong>2.<\/strong> El CEO no es fa responsable dels accidents que puguin esdevenir en el transcurs de l\u2019Embardissada. Caldr\u00e0 disposar d\u2019un asseguran\u00e7a personal que cobreixi les activitats pr\u00f2pies de l\u2019excursionisme.<\/p>\n\n\n\n<p><\/p>\n\n\n\n<h1 class=\"gb-headline gb-headline-8ca89ea8 gb-headline-text\"><strong>Recomanacions<\/strong><\/h1>\n\n\n\n<ul class=\"wp-block-list\">\n<li style=\"font-size:14px\">Portar aigua i menjar per tot el recorregut segons les necessitats de cadasc\u00fa.<\/li>\n\n\n\n<li style=\"font-size:14px\">Anar amb cal\u00e7at i roba adient per l\u2019esport i les temperatures previstes.<\/li>\n\n\n\n<li style=\"font-size:14px\">L\u2019organitzaci\u00f3 de l\u2019Embardissada permet que el recorregut es pugui fer corrent. Recomanem per\u00f2 que els corredors surtin a primera hora, a les 07:00h, per tal d\u2019evitar mol\u00e8sties als senderistes.<\/li>\n\n\n\n<li style=\"font-size:14px\">L\u2019esmorzar consta de pa amb tomata, embotits, formatge i begudes v\u00e0ries. La resta d\u2019avituallaments s\u00f3n amb aliments variats i begudes.<\/li>\n\n\n\n<li style=\"font-size:14px\">Es demana dur un got de casa per contribuir a la reducci\u00f3 de residus generats durant la marxa.<\/li>\n<\/ul>\n\n\n\n<p><\/p>\n\n\n\n<p><\/p>\n\n\n\n<p><\/p>\n\n\n\n<p><\/p>\n<\/div><\/div>\n\n\n\n<div class=\"wp-block-coblocks-column is-vertically-aligned-center coblocks-column-66105650359\" style=\"width:44.00%\"><div class=\"wp-block-coblocks-column__inner has-no-padding has-no-margin\">\n<figure class=\"wp-block-image size-full is-resized coblocks-animate\" data-coblocks-animation=\"slideInRight\"><img loading=\"lazy\" decoding=\"async\" src=\"https:\/\/ceolot.cat\/embardissada\/wp-content\/uploads\/sites\/10\/2022\/03\/embardissada-web-1.jpg\" alt=\"\" class=\"wp-image-1398\" width=\"561\" height=\"1443\" srcset=\"https:\/\/ceolot.cat\/embardissada\/wp-content\/uploads\/sites\/10\/2022\/03\/embardissada-web-1.jpg 293w, https:\/\/ceolot.cat\/embardissada\/wp-content\/uploads\/sites\/10\/2022\/03\/embardissada-web-1-117x300.jpg 117w\" sizes=\"auto, (max-width: 561px) 100vw, 561px\" \/><\/figure>\n<\/div><\/div>\n<\/div><\/div>\n","protected":false},"excerpt":{"rendered":"<p>Tot el que cal saber per l&#8217;Embardissada; des d&#8217;informaci\u00f3 general fins a desqualificacions, abandonament, altres disposicions i recomanacions.<\/p>\n","protected":false},"author":5,"featured_media":0,"parent":0,"menu_order":0,"comment_status":"closed","ping_status":"closed","template":"","meta":{"_acf_changed":false,"_coblocks_attr":"Karla,Heebo,Karla","_coblocks_dimensions":"","_coblocks_responsive_height":"","_coblocks_accordion_ie_support":"","footnotes":""},"class_list":["post-1142","page","type-page","status-publish"],"acf":[],"_links":{"self":[{"href":"https:\/\/ceolot.cat\/embardissada\/wp-json\/wp\/v2\/pages\/1142","targetHints":{"allow":["GET"]}}],"collection":[{"href":"https:\/\/ceolot.cat\/embardissada\/wp-json\/wp\/v2\/pages"}],"about":[{"href":"https:\/\/ceolot.cat\/embardissada\/wp-json\/wp\/v2\/types\/page"}],"author":[{"embeddable":true,"href":"https:\/\/ceolot.cat\/embardissada\/wp-json\/wp\/v2\/users\/5"}],"replies":[{"embeddable":true,"href":"https:\/\/ceolot.cat\/embardissada\/wp-json\/wp\/v2\/comments?post=1142"}],"version-history":[{"count":36,"href":"https:\/\/ceolot.cat\/embardissada\/wp-json\/wp\/v2\/pages\/1142\/revisions"}],"predecessor-version":[{"id":6312,"href":"https:\/\/ceolot.cat\/embardissada\/wp-json\/wp\/v2\/pages\/1142\/revisions\/6312"}],"wp:attachment":[{"href":"https:\/\/ceolot.cat\/embardissada\/wp-json\/wp\/v2\/media?parent=1142"}],"curies":[{"name":"wp","href":"https:\/\/api.w.org\/{rel}","templated":true}]}}