{"id":956,"date":"2021-02-19T08:02:54","date_gmt":"2021-02-19T06:02:54","guid":{"rendered":"http:\/\/faig.cat\/satellite\/?page_id=956"},"modified":"2025-12-18T18:03:31","modified_gmt":"2025-12-18T17:03:31","slug":"volta-als-volcans-dolot","status":"publish","type":"page","link":"https:\/\/ceolot.cat\/24hm\/","title":{"rendered":"24 Hores a Muntanya"},"content":{"rendered":"\n<div class=\"wp-block-buttons is-layout-flex wp-block-buttons-is-layout-flex\"><\/div>\n\n\n\n<div class=\"wp-block-buttons is-content-justification-center is-layout-flex wp-container-core-buttons-is-layout-16018d1d wp-block-buttons-is-layout-flex\"><\/div>\n\n\n<div class=\"gb-grid-wrapper gb-grid-wrapper-8e7ff7fd\">\n<div class=\"gb-grid-column gb-grid-column-ee899be3\"><div class=\"gb-container gb-container-ee899be3\"><div class=\"gb-inside-container\">\n\n<figure class=\"wp-block-image size-full\"><img loading=\"lazy\" decoding=\"async\" width=\"606\" height=\"607\" src=\"https:\/\/ceolot.cat\/24hm\/wp-content\/uploads\/sites\/9\/2025\/12\/fotoweb.png\" alt=\"\" class=\"wp-image-3422\" srcset=\"https:\/\/ceolot.cat\/24hm\/wp-content\/uploads\/sites\/9\/2025\/12\/fotoweb.png 606w, https:\/\/ceolot.cat\/24hm\/wp-content\/uploads\/sites\/9\/2025\/12\/fotoweb-300x300.png 300w, https:\/\/ceolot.cat\/24hm\/wp-content\/uploads\/sites\/9\/2025\/12\/fotoweb-150x150.png 150w\" sizes=\"auto, (max-width: 606px) 100vw, 606px\" \/><\/figure>\n\n<\/div><\/div><\/div>\n\n<div class=\"gb-grid-column gb-grid-column-e0c53281\"><div class=\"gb-container gb-container-e0c53281\"><div class=\"gb-inside-container\">\n\n<h1 class=\"gb-headline gb-headline-3bba9e4d gb-headline-text\">42na edici\u00f3: a Sant Joan les Fonts!<\/h1>\n\n\n\n<h2 class=\"wp-block-heading\">61 kms de recorregut<\/h2>\n\n\n\n<h2 class=\"wp-block-heading\"><strong>2.702 m de desnivell positiu<\/strong><\/h2>\n\n\n\n<h5 class=\"gb-headline gb-headline-4496c934 gb-headline-text\"><\/h5>\n\n\n\n<div style=\"height:25px\" aria-hidden=\"true\" class=\"wp-block-spacer\"><\/div>\n\n\n\n<div style=\"height:65px\" aria-hidden=\"true\" class=\"wp-block-spacer\"><\/div>\n\n<\/div><\/div><\/div>\n<\/div>\n\n\n<div style=\"height:23px\" aria-hidden=\"true\" class=\"wp-block-spacer\"><\/div>\n\n\n\n<div style=\"height:40px\" aria-hidden=\"true\" class=\"wp-block-spacer\"><\/div>\n\n\n\n<div class=\"wp-block-columns is-layout-flex wp-container-core-columns-is-layout-9d6595d7 wp-block-columns-is-layout-flex\">\n<div class=\"wp-block-column is-vertically-aligned-top is-layout-flow wp-block-column-is-layout-flow\"><div class=\"wp-block-image is-style-default\">\n<figure class=\"aligncenter size-full is-resized coblocks-animate\" data-coblocks-animation=\"zoomIn\"><img loading=\"lazy\" decoding=\"async\" width=\"152\" height=\"152\" src=\"https:\/\/ceolot.cat\/24hm\/wp-content\/uploads\/sites\/9\/2021\/11\/Mapa.png\" alt=\"\" class=\"wp-image-1192\" style=\"width:131px;height:131px\" srcset=\"https:\/\/ceolot.cat\/24hm\/wp-content\/uploads\/sites\/9\/2021\/11\/Mapa.png 152w, https:\/\/ceolot.cat\/24hm\/wp-content\/uploads\/sites\/9\/2021\/11\/Mapa-150x150.png 150w\" sizes=\"auto, (max-width: 152px) 100vw, 152px\" \/><\/figure><\/div>\n\n\n<h2 class=\"gb-headline gb-headline-a676467e gb-headline-text\">Recorregut<\/h2>\n\n\n<div class=\"gb-button-wrapper gb-button-wrapper-0978b8b7\">\n\n<a class=\"gb-button gb-button-4b4fae15 gb-button-text\" href=\"https:\/\/ceolot.cat\/24hm\/recorregut\/\">Consulta<\/a>\n\n<\/div>\n\n\n<p><\/p>\n<\/div>\n\n\n\n<div class=\"wp-block-column is-vertically-aligned-top is-layout-flow wp-block-column-is-layout-flow\"><div class=\"wp-block-image\">\n<figure class=\"aligncenter size-full is-resized coblocks-animate\" data-coblocks-animation=\"zoomIn\"><img loading=\"lazy\" decoding=\"async\" width=\"158\" height=\"157\" src=\"https:\/\/ceolot.cat\/24hm\/wp-content\/uploads\/sites\/9\/2021\/11\/Horaris-1.png\" alt=\"\" class=\"wp-image-1195\" style=\"width:132px;height:131px\" srcset=\"https:\/\/ceolot.cat\/24hm\/wp-content\/uploads\/sites\/9\/2021\/11\/Horaris-1.png 158w, https:\/\/ceolot.cat\/24hm\/wp-content\/uploads\/sites\/9\/2021\/11\/Horaris-1-150x150.png 150w\" sizes=\"auto, (max-width: 158px) 100vw, 158px\" \/><\/figure><\/div>\n\n\n<h2 class=\"gb-headline gb-headline-2d47c853 gb-headline-text\">Horaris<\/h2>\n\n\n<div class=\"gb-button-wrapper gb-button-wrapper-45c156a3\">\n\n<a class=\"gb-button gb-button-4e7b2e5d gb-button-text\" href=\"https:\/\/ceolot.cat\/24hm\/horaris\/\">Consulta<\/a>\n\n<\/div><\/div>\n\n\n\n<div class=\"wp-block-column is-vertically-aligned-top is-layout-flow wp-block-column-is-layout-flow\"><div class=\"wp-block-image\">\n<figure class=\"aligncenter size-full is-resized coblocks-animate\" data-coblocks-animation=\"zoomIn\"><img loading=\"lazy\" decoding=\"async\" width=\"182\" height=\"182\" src=\"https:\/\/ceolot.cat\/24hm\/wp-content\/uploads\/sites\/9\/2021\/11\/QueSonles24HM.png\" alt=\"\" class=\"wp-image-1197\" style=\"width:121px;height:121px\" srcset=\"https:\/\/ceolot.cat\/24hm\/wp-content\/uploads\/sites\/9\/2021\/11\/QueSonles24HM.png 182w, https:\/\/ceolot.cat\/24hm\/wp-content\/uploads\/sites\/9\/2021\/11\/QueSonles24HM-150x150.png 150w\" sizes=\"auto, (max-width: 182px) 100vw, 182px\" \/><\/figure><\/div>\n\n\n<h2 class=\"gb-headline gb-headline-cae9b90e gb-headline-text\">Qu\u00e8 s\u00f3n les 24HM?<\/h2>\n\n\n<div class=\"gb-button-wrapper gb-button-wrapper-e02b856f\">\n\n<a class=\"gb-button gb-button-1129c365 gb-button-text\" href=\"https:\/\/ceolot.cat\/24hm\/que-son-les-24-hores-a-muntanya\/\">Consulta<\/a>\n\n<\/div><\/div>\n\n\n\n<div class=\"wp-block-column is-vertically-aligned-top is-layout-flow wp-block-column-is-layout-flow\"><div class=\"wp-block-image\">\n<figure class=\"aligncenter size-full is-resized coblocks-animate\" data-coblocks-animation=\"zoomIn\"><img loading=\"lazy\" decoding=\"async\" width=\"185\" height=\"185\" src=\"https:\/\/ceolot.cat\/24hm\/wp-content\/uploads\/sites\/9\/2021\/11\/Inscripcions.png\" alt=\"\" class=\"wp-image-1194\" style=\"width:131px;height:131px\" srcset=\"https:\/\/ceolot.cat\/24hm\/wp-content\/uploads\/sites\/9\/2021\/11\/Inscripcions.png 185w, https:\/\/ceolot.cat\/24hm\/wp-content\/uploads\/sites\/9\/2021\/11\/Inscripcions-150x150.png 150w\" sizes=\"auto, (max-width: 185px) 100vw, 185px\" \/><\/figure><\/div>\n\n\n<h2 class=\"gb-headline gb-headline-acd3517d gb-headline-text\">Inscripcions i preus<\/h2>\n\n\n<div class=\"gb-button-wrapper gb-button-wrapper-3664fafb\">\n\n<a class=\"gb-button gb-button-18a3a3b5 gb-button-text\" href=\"https:\/\/ceolot.cat\/24hm\/voltes\/42a-edicio-24h-a-muntanya\/\" target=\"_blank\" rel=\"noopener noreferrer\">Consulta<\/a>\n\n<\/div><\/div>\n\n\n\n<div class=\"wp-block-column is-vertically-aligned-top is-layout-flow wp-block-column-is-layout-flow\"><div class=\"wp-block-image\">\n<figure class=\"aligncenter size-full is-resized coblocks-animate\" data-coblocks-animation=\"zoomIn\"><img loading=\"lazy\" decoding=\"async\" width=\"493\" height=\"494\" src=\"https:\/\/ceolot.cat\/24hm\/wp-content\/uploads\/sites\/9\/2021\/11\/Recurso-1PreguntesFrequents.png\" alt=\"\" class=\"wp-image-1253\" style=\"width:125px;height:125px\" srcset=\"https:\/\/ceolot.cat\/24hm\/wp-content\/uploads\/sites\/9\/2021\/11\/Recurso-1PreguntesFrequents.png 493w, https:\/\/ceolot.cat\/24hm\/wp-content\/uploads\/sites\/9\/2021\/11\/Recurso-1PreguntesFrequents-300x300.png 300w, https:\/\/ceolot.cat\/24hm\/wp-content\/uploads\/sites\/9\/2021\/11\/Recurso-1PreguntesFrequents-150x150.png 150w\" sizes=\"auto, (max-width: 493px) 100vw, 493px\" \/><\/figure><\/div>\n\n\n<h2 class=\"gb-headline gb-headline-48e42db8 gb-headline-text\">Preguntes Freq\u00fcents<\/h2>\n\n\n<div class=\"gb-button-wrapper gb-button-wrapper-5e1d68d0\">\n\n<a class=\"gb-button gb-button-0c810446 gb-button-text\" href=\"https:\/\/ceolot.cat\/24hm\/preguntes-frequents\/\">Consulta<\/a>\n\n<\/div><\/div>\n<\/div>\n\n\n\n<p><\/p>\n","protected":false},"excerpt":{"rendered":"<p>Recorregut Horaris Qu\u00e8 s\u00f3n les 24HM? Inscripcions i preus Preguntes Freq\u00fcents<\/p>\n","protected":false},"author":2,"featured_media":0,"parent":0,"menu_order":0,"comment_status":"closed","ping_status":"closed","template":"","meta":{"_acf_changed":false,"_coblocks_attr":"","_coblocks_dimensions":"","_coblocks_responsive_height":"","_coblocks_accordion_ie_support":"","footnotes":""},"class_list":["post-956","page","type-page","status-publish"],"acf":[],"_links":{"self":[{"href":"https:\/\/ceolot.cat\/24hm\/wp-json\/wp\/v2\/pages\/956","targetHints":{"allow":["GET"]}}],"collection":[{"href":"https:\/\/ceolot.cat\/24hm\/wp-json\/wp\/v2\/pages"}],"about":[{"href":"https:\/\/ceolot.cat\/24hm\/wp-json\/wp\/v2\/types\/page"}],"author":[{"embeddable":true,"href":"https:\/\/ceolot.cat\/24hm\/wp-json\/wp\/v2\/users\/2"}],"replies":[{"embeddable":true,"href":"https:\/\/ceolot.cat\/24hm\/wp-json\/wp\/v2\/comments?post=956"}],"version-history":[{"count":105,"href":"https:\/\/ceolot.cat\/24hm\/wp-json\/wp\/v2\/pages\/956\/revisions"}],"predecessor-version":[{"id":3423,"href":"https:\/\/ceolot.cat\/24hm\/wp-json\/wp\/v2\/pages\/956\/revisions\/3423"}],"wp:attachment":[{"href":"https:\/\/ceolot.cat\/24hm\/wp-json\/wp\/v2\/media?parent=956"}],"curies":[{"name":"wp","href":"https:\/\/api.w.org\/{rel}","templated":true}]}}