{"id":1620,"date":"2022-11-08T17:52:53","date_gmt":"2022-11-08T16:52:53","guid":{"rendered":"https:\/\/ceolot.cat\/24hm\/?page_id=1620"},"modified":"2025-12-18T17:38:35","modified_gmt":"2025-12-18T16:38:35","slug":"inscripcions-i-preus-a-les-24-hores-a-muntanya","status":"publish","type":"page","link":"https:\/\/ceolot.cat\/24hm\/inscripcions-i-preus-a-les-24-hores-a-muntanya\/","title":{"rendered":"Preus i inscripcions 24 Hores a Muntanya"},"content":{"rendered":"\n<h2 class=\"wp-block-heading\">Preus<\/h2>\n\n\n\n<p>Els preus varien segons si el participant \u00e9s soci del centre i de la quantitat d&#8217;etapes que es vulguin fer. <\/p>\n\n\n\n<figure class=\"wp-block-table\"><table class=\"has-base-3-color has-contrast-2-background-color has-text-color has-background\"><tbody><tr><td><\/td><td><strong>1 ETAPA<\/strong><\/td><td><strong>2 ETAPES<\/strong><\/td><td><strong>3 ETAPES<\/strong><\/td><td><strong>4 ETAPES<\/strong><\/td><\/tr><tr><td><strong>Soci<\/strong><\/td><td>12 euros<\/td><td>24 euros<\/td><td>36 euros<\/td><td>36 euros<\/td><\/tr><tr><td><strong>No soci<\/strong><\/td><td>17 euros<\/td><td>29 euros<\/td><td>41 euros<\/td><td>41 euros<\/td><\/tr><\/tbody><\/table><\/figure>\n\n\n\n<p><strong>Preu asseguran\u00e7a, en cas de no tenir-ne: 3\u20ac<\/strong><\/p>\n\n\n\n<p><strong>El sopar i el dinar s\u00f3n opcionals, el preu per \u00e0pat \u00e9s de 8 euros m\u00e9s per persona. <\/strong>Tingueu en compte que el men\u00fa \u00e9s un i no assegurem que no hi puguin haver creuaments d&#8217;aliments.<\/p>\n\n\n\n<p><strong>Moltes gr\u00e0cies per la vostra col\u00b7laboraci\u00f3!<\/strong><\/p>\n","protected":false},"excerpt":{"rendered":"<p>Preus Els preus varien segons si el participant \u00e9s soci del centre i de la quantitat d&#8217;etapes que es vulguin &#8230; <a title=\"Preus i inscripcions 24 Hores a Muntanya\" class=\"read-more\" href=\"https:\/\/ceolot.cat\/24hm\/inscripcions-i-preus-a-les-24-hores-a-muntanya\/\" aria-label=\"M\u00e9s informaci\u00f3 sobre Preus i inscripcions 24 Hores a Muntanya\">Continua<\/a><\/p>\n","protected":false},"author":5,"featured_media":0,"parent":0,"menu_order":0,"comment_status":"closed","ping_status":"closed","template":"","meta":{"_acf_changed":false,"_coblocks_attr":"","_coblocks_dimensions":"","_coblocks_responsive_height":"","_coblocks_accordion_ie_support":"","footnotes":""},"class_list":["post-1620","page","type-page","status-publish"],"acf":[],"_links":{"self":[{"href":"https:\/\/ceolot.cat\/24hm\/wp-json\/wp\/v2\/pages\/1620","targetHints":{"allow":["GET"]}}],"collection":[{"href":"https:\/\/ceolot.cat\/24hm\/wp-json\/wp\/v2\/pages"}],"about":[{"href":"https:\/\/ceolot.cat\/24hm\/wp-json\/wp\/v2\/types\/page"}],"author":[{"embeddable":true,"href":"https:\/\/ceolot.cat\/24hm\/wp-json\/wp\/v2\/users\/5"}],"replies":[{"embeddable":true,"href":"https:\/\/ceolot.cat\/24hm\/wp-json\/wp\/v2\/comments?post=1620"}],"version-history":[{"count":12,"href":"https:\/\/ceolot.cat\/24hm\/wp-json\/wp\/v2\/pages\/1620\/revisions"}],"predecessor-version":[{"id":3419,"href":"https:\/\/ceolot.cat\/24hm\/wp-json\/wp\/v2\/pages\/1620\/revisions\/3419"}],"wp:attachment":[{"href":"https:\/\/ceolot.cat\/24hm\/wp-json\/wp\/v2\/media?parent=1620"}],"curies":[{"name":"wp","href":"https:\/\/api.w.org\/{rel}","templated":true}]}}